{"id":175,"date":"2021-10-08T14:02:01","date_gmt":"2021-10-08T18:02:01","guid":{"rendered":"https:\/\/clubfoot.ca\/?page_id=175"},"modified":"2022-05-09T12:59:43","modified_gmt":"2022-05-09T16:59:43","slug":"relapse","status":"publish","type":"page","link":"https:\/\/clubfoot.ca\/de\/resources\/faq\/relapse\/","title":{"rendered":"R\u00fcckfall"},"content":{"rendered":"<p>[et_pb_section fb_built=&#8221;1&#8243; _builder_version=&#8221;4.17.3&#8243; _module_preset=&#8221;default&#8221; background_color=&#8221;#ad3537&#8243; background_enable_image=&#8221;off&#8221; locked=&#8221;off&#8221; global_colors_info=&#8221;{}&#8221;][et_pb_row column_structure=&#8221;1_2,1_2&#8243; _builder_version=&#8221;4.16&#8243; _module_preset=&#8221;default&#8221; global_colors_info=&#8221;{}&#8221;][et_pb_column type=&#8221;1_2&#8243; _builder_version=&#8221;4.16&#8243; _module_preset=&#8221;default&#8221; global_colors_info=&#8221;{}&#8221;][et_pb_text _builder_version=&#8221;4.16&#8243; _module_preset=&#8221;default&#8221; background_layout=&#8221;dark&#8221; max_width=&#8221;300px&#8221; custom_margin=&#8221;|||-38px|false|false&#8221; custom_padding=&#8221;|||30px|false|false&#8221; border_width_left=&#8221;8px&#8221; border_color_left=&#8221;#42FFC9&#8243; global_colors_info=&#8221;{}&#8221;]<\/p>\n<h1>R\u00fcckfall-FAQ<\/h1>\n<p>[\/et_pb_text][\/et_pb_column][et_pb_column type=&#8221;1_2&#8243; _builder_version=&#8221;4.16&#8243; _module_preset=&#8221;default&#8221; global_colors_info=&#8221;{}&#8221;][et_pb_image src=&#8221;https:\/\/clubfoot.ca\/wp-content\/uploads\/2022\/05\/icon_RELAPSE.png&#8221; _builder_version=&#8221;4.17.3&#8243; _module_preset=&#8221;83ad0d5e-d328-4726-b6cc-d3c798a2bfbe&#8221; global_colors_info=&#8221;{}&#8221;][\/et_pb_image][\/et_pb_column][\/et_pb_row][et_pb_row _builder_version=&#8221;4.16&#8243; _module_preset=&#8221;default&#8221; custom_margin=&#8221;45px||||false|false&#8221; global_colors_info=&#8221;{}&#8221;][et_pb_column type=&#8221;4_4&#8243; _builder_version=&#8221;4.16&#8243; _module_preset=&#8221;default&#8221; global_colors_info=&#8221;{}&#8221;][dsm_breadcrumbs _builder_version=&#8221;4.16&#8243; _module_preset=&#8221;default&#8221; items_text_color=&#8221;#EEEEEE&#8221; separators_text_color=&#8221;#FFFFFF&#8221; current_text_color=&#8221;#FFFFFF&#8221; global_colors_info=&#8221;{}&#8221; items_text_color__hover=&#8221;#FFFFFF&#8221;][\/dsm_breadcrumbs][\/et_pb_column][\/et_pb_row][\/et_pb_section][et_pb_section fb_built=&#8221;1&#8243; _builder_version=&#8221;4.16&#8243; _module_preset=&#8221;default&#8221; locked=&#8221;off&#8221; global_colors_info=&#8221;{}&#8221;][et_pb_row _builder_version=&#8221;4.16&#8243; _module_preset=&#8221;default&#8221; global_colors_info=&#8221;{}&#8221;][et_pb_column type=&#8221;4_4&#8243; _builder_version=&#8221;4.16&#8243; _module_preset=&#8221;default&#8221; global_colors_info=&#8221;{}&#8221;][et_pb_text _builder_version=&#8221;4.16&#8243; _module_preset=&#8221;default&#8221; global_colors_info=&#8221;{}&#8221;]<\/p>\n<div id='ewd-ufaq-jquery-ajax-search'>\n\n\t<label class='ewd-ufaq-field-label' for='ewd-ufaq-text-search'>\n\t\tWas suchst Du:\n\t<\/label>\n\n\t\n\t<div class=\"search-field\">\n\t\t<input\n\t\t\tid='ewd-ufaq-text-search'\n\t\t\ttype='search'\n\t\t\tclass='ewd-ufaq-text-input'\n\t\t\tplaceholder='Gib ein Schlagwort ein...'\n\t\t\tvalue='' \/>\n\t\t<button type=\"button\" class=\"clear-field\" data-state=\"hidden\">x<\/button>\n\t<\/div>\n\n\t<label for='ewd-ufaq-search-submit'><\/label>\n\n<input type='button' id='ewd-ufaq-ajax-search-submit' name='Search' value='Suchen'>\n<\/div><div  class=\"ewd-ufaq-faq-list ewd-ufaq-page-type-load_more ewd-ufaq-search\" id='ewd-ufaq-faq-list'>\n\n\t<input type='hidden' name='show_on_load' value='Yes' id='ewd-ufaq-show-on-load' \/>\n<input type='hidden' name='include_category' value='relapse' id='ewd-ufaq-include-category' \/>\n<input type='hidden' name='exclude_category' value='' id='ewd-ufaq-exclude-category' \/>\n<input type='hidden' name='orderby' value='date' id='ewd-ufaq-orderby' \/>\n<input type='hidden' name='order' value='ASC' id='ewd-ufaq-order' \/>\n<input type='hidden' name='post_count' value='-1' id='ewd-ufaq-post-count' \/>\n<input type='hidden' name='current_url' value='\/de\/wp-json\/wp\/v2\/pages\/175' id='ewd-ufaq-current-url' \/>\n\t\n\t\n\t<div class='ewd-ufaq-faqs'>\n\n\t\t<div  class=\"ewd-ufaq-faq-div ewd-ufaq-faq-column-count-one ewd-ufaq-faq-responsive-columns- ewd-ufaq-faq-display-style-default ewd-ufaq-can-be-toggled\" id='ewd-ufaq-post-1066-SIJ29Vl2um' data-post_id='1066'>\n\n\t<div class='ewd-ufaq-faq-title ewd-ufaq-faq-toggle'>\n\t\n\t<a class='ewd-ufaq-post-margin'  href='#' role=\"button\">\n\n\t\t<div class='ewd-ufaq-post-margin-symbol ewd-ufaq-'>\n\t\t\t<span >a<\/span>\n\t\t<\/div>\n\n\t\t<div class='ewd-ufaq-faq-title-text'>\n\n\t\t\t<h4>\n\t\t\t\tWas sind die Anzeichen eines R\u00fcckfalls?\t\t\t<\/h4>\n\n\t\t<\/div>\n\n\t\t<div class='ewd-ufaq-clear'><\/div>\n\n\t<\/a>\n\t\n<\/div>\n\t\n\t<div class='ewd-ufaq-faq-body ewd-ufaq-hidden' >\n\n\t\t\n\t\t\t\n\t\t\n\t\t\t<div class='ewd-ufaq-post-margin ewd-ufaq-faq-post'>\n\t<p>Anzeichen f\u00fcr einen R\u00fcckfall sind Verspannungen in der Ferse, Verlust der Dorsalflexion, Gehen mit den Zehen, Eindrehen des Vorfu\u00dfes, dynamische Supination bei gehenden Kindern oder pl\u00f6tzliches Nicht-Tolerieren von Stiefeln und Stange aufgrund einer Fu\u00dfver\u00e4nderung.<\/p><\/div>\n\t\t\n\t\t\t\n\t\t\n\t\t\t\n\t\t\n\t\t\t\n\t\t\n\t\t\t\n\t\t\n\t\t\t\n\t\t\n\t\t\t\n\t\t\n\t\t\t\n\t\t\n\t\t\t\n\t\t\n\t<\/div>\n\n<\/div><div  class=\"ewd-ufaq-faq-div ewd-ufaq-faq-column-count-one ewd-ufaq-faq-responsive-columns- ewd-ufaq-faq-display-style-default ewd-ufaq-can-be-toggled\" id='ewd-ufaq-post-1067-enuegF6LyX' data-post_id='1067'>\n\n\t<div class='ewd-ufaq-faq-title ewd-ufaq-faq-toggle'>\n\t\n\t<a class='ewd-ufaq-post-margin'  href='#' role=\"button\">\n\n\t\t<div class='ewd-ufaq-post-margin-symbol ewd-ufaq-'>\n\t\t\t<span >a<\/span>\n\t\t<\/div>\n\n\t\t<div class='ewd-ufaq-faq-title-text'>\n\n\t\t\t<h4>\n\t\t\t\tWie k\u00f6nnen Eltern auf einen R\u00fcckfall achten?\t\t\t<\/h4>\n\n\t\t<\/div>\n\n\t\t<div class='ewd-ufaq-clear'><\/div>\n\n\t<\/a>\n\t\n<\/div>\n\t\n\t<div class='ewd-ufaq-faq-body ewd-ufaq-hidden' >\n\n\t\t\n\t\t\t\n\t\t\n\t\t\t<div class='ewd-ufaq-post-margin ewd-ufaq-faq-post'>\n\t<p>Wenn Sie mit Ihrem Kind eine Dehnungsroutine haben, kann dies eine gute M\u00f6glichkeit f\u00fcr Sie sein, die F\u00fc\u00dfe Ihres Kindes auf Anzeichen eines R\u00fcckfalls zu untersuchen. Wenn Sie eine Verringerung des Bewegungsumfangs oder der Flexibilit\u00e4t bemerken, kann dies ein Anzeichen f\u00fcr einen R\u00fcckfall sein und es ist wichtig, dass Sie dies mit Ihrem Arzt besprechen. Wenn Sie keine Dehnungsroutine haben, k\u00f6nnen Sie die Beweglichkeit Ihres Kindes auch schnell \u00fcberpr\u00fcfen, bevor Sie die Othese vor dem Schlafengehen anlegen. Sie k\u00f6nnen auch auf Ver\u00e4nderungen im Laufverhalten Ihres Kindes achten. Wenn Sie beispielsweise bemerken, dass Sie mit den Zehen gehen, kann dies ein Zeichen f\u00fcr einen R\u00fcckfall sein und es ist wichtig, dies mit Ihrem Arzt zu besprechen. Eltern sind die erste Verteidigungslinie gegen einen R\u00fcckfall, da sie am meisten bei ihren Kindern sind und eine Ver\u00e4nderung bemerken werden, wenn sie auftritt.<\/p><\/div>\n\t\t\n\t\t\t\n\t\t\n\t\t\t\n\t\t\n\t\t\t\n\t\t\n\t\t\t\n\t\t\n\t\t\t\n\t\t\n\t\t\t\n\t\t\n\t\t\t\n\t\t\n\t\t\t\n\t\t\n\t<\/div>\n\n<\/div><div  class=\"ewd-ufaq-faq-div ewd-ufaq-faq-column-count-one ewd-ufaq-faq-responsive-columns- ewd-ufaq-faq-display-style-default ewd-ufaq-can-be-toggled\" id='ewd-ufaq-post-1068-5y6HSnkZDe' data-post_id='1068'>\n\n\t<div class='ewd-ufaq-faq-title ewd-ufaq-faq-toggle'>\n\t\n\t<a class='ewd-ufaq-post-margin'  href='#' role=\"button\">\n\n\t\t<div class='ewd-ufaq-post-margin-symbol ewd-ufaq-'>\n\t\t\t<span >a<\/span>\n\t\t<\/div>\n\n\t\t<div class='ewd-ufaq-faq-title-text'>\n\n\t\t\t<h4>\n\t\t\t\tWas ist Dorsalflexion?\t\t\t<\/h4>\n\n\t\t<\/div>\n\n\t\t<div class='ewd-ufaq-clear'><\/div>\n\n\t<\/a>\n\t\n<\/div>\n\t\n\t<div class='ewd-ufaq-faq-body ewd-ufaq-hidden' >\n\n\t\t\n\t\t\t\n\t\t\n\t\t\t<div class='ewd-ufaq-post-margin ewd-ufaq-faq-post'>\n\t<p>Dorsalflexion ist das R\u00fcckw\u00e4rtsbeugen und Kontrahieren Ihrer Hand oder Ihres Fu\u00dfes. Dies ist die Verl\u00e4ngerung Ihres Fu\u00dfes am Kn\u00f6chel und Ihrer Hand am Handgelenk. Dorsalflexion tritt in Ihrem Kn\u00f6chel auf, wenn Sie Ihre Zehen zur\u00fcck zu Ihren Schienbeinen ziehen. Du kannst deinen Fu\u00df auch dorsalflexieren, indem du im Stehen den Fu\u00dfballen vom Boden abhebst und deine Ferse in den Boden dr\u00fcckst.<\/p><\/div>\n\t\t\n\t\t\t\n\t\t\n\t\t\t\n\t\t\n\t\t\t\n\t\t\n\t\t\t\n\t\t\n\t\t\t\n\t\t\n\t\t\t\n\t\t\n\t\t\t\n\t\t\n\t\t\t\n\t\t\n\t<\/div>\n\n<\/div><div  class=\"ewd-ufaq-faq-div ewd-ufaq-faq-column-count-one ewd-ufaq-faq-responsive-columns- ewd-ufaq-faq-display-style-default ewd-ufaq-can-be-toggled\" id='ewd-ufaq-post-1069-NykFGHj6Xi' data-post_id='1069'>\n\n\t<div class='ewd-ufaq-faq-title ewd-ufaq-faq-toggle'>\n\t\n\t<a class='ewd-ufaq-post-margin'  href='#' role=\"button\">\n\n\t\t<div class='ewd-ufaq-post-margin-symbol ewd-ufaq-'>\n\t\t\t<span >a<\/span>\n\t\t<\/div>\n\n\t\t<div class='ewd-ufaq-faq-title-text'>\n\n\t\t\t<h4>\n\t\t\t\tWie behandeln wir einen rezidivierten Klumpfu\u00df?\t\t\t<\/h4>\n\n\t\t<\/div>\n\n\t\t<div class='ewd-ufaq-clear'><\/div>\n\n\t<\/a>\n\t\n<\/div>\n\t\n\t<div class='ewd-ufaq-faq-body ewd-ufaq-hidden' >\n\n\t\t\n\t\t\t\n\t\t\n\t\t\t<div class='ewd-ufaq-post-margin ewd-ufaq-faq-post'>\n\t<p>Die Behandlung eines Klumpfu\u00dfrezidivs umfasst typischerweise die Anwendung von 2-3 Dehnungsgipsen und, wenn der Muskel zu stark ist, um einen zuk\u00fcnftigen R\u00fcckfall zu verhindern, eine Sehnentransferoperation, nachdem das Kind \u00e4lter als 2,5 Jahre ist.<\/p><\/div>\n\t\t\n\t\t\t\n\t\t\n\t\t\t\n\t\t\n\t\t\t\n\t\t\n\t\t\t\n\t\t\n\t\t\t\n\t\t\n\t\t\t\n\t\t\n\t\t\t\n\t\t\n\t\t\t\n\t\t\n\t<\/div>\n\n<\/div><div  class=\"ewd-ufaq-faq-div ewd-ufaq-faq-column-count-one ewd-ufaq-faq-responsive-columns- ewd-ufaq-faq-display-style-default ewd-ufaq-can-be-toggled\" id='ewd-ufaq-post-1070-S4KBHWQjhk' data-post_id='1070'>\n\n\t<div class='ewd-ufaq-faq-title ewd-ufaq-faq-toggle'>\n\t\n\t<a class='ewd-ufaq-post-margin'  href='#' role=\"button\">\n\n\t\t<div class='ewd-ufaq-post-margin-symbol ewd-ufaq-'>\n\t\t\t<span >a<\/span>\n\t\t<\/div>\n\n\t\t<div class='ewd-ufaq-faq-title-text'>\n\n\t\t\t<h4>\n\t\t\t\tGibt es einen typischen Zeitraum, in dem ein R\u00fcckfall auftritt?\t\t\t<\/h4>\n\n\t\t<\/div>\n\n\t\t<div class='ewd-ufaq-clear'><\/div>\n\n\t<\/a>\n\t\n<\/div>\n\t\n\t<div class='ewd-ufaq-faq-body ewd-ufaq-hidden' >\n\n\t\t\n\t\t\t\n\t\t\n\t\t\t<div class='ewd-ufaq-post-margin ewd-ufaq-faq-post'>\n\t<p>Nahezu alle Sch\u00fcbe treten in der Erhaltungsphase der Behandlung (Orthese) auf. R\u00fcckf\u00e4lle treten normalerweise nach 1 oder 2 Jahren auf, wenn die Ossifikation weiter fortgeschritten ist. R\u00fcckf\u00e4lle sind selten nach 5 und extrem selten nach 7 Jahren.<\/p><\/div>\n\t\t\n\t\t\t\n\t\t\n\t\t\t\n\t\t\n\t\t\t\n\t\t\n\t\t\t\n\t\t\n\t\t\t\n\t\t\n\t\t\t\n\t\t\n\t\t\t\n\t\t\n\t\t\t\n\t\t\n\t<\/div>\n\n<\/div><div  class=\"ewd-ufaq-faq-div ewd-ufaq-faq-column-count-one ewd-ufaq-faq-responsive-columns- ewd-ufaq-faq-display-style-default ewd-ufaq-can-be-toggled\" id='ewd-ufaq-post-1071-PaXJpBClgC' data-post_id='1071'>\n\n\t<div class='ewd-ufaq-faq-title ewd-ufaq-faq-toggle'>\n\t\n\t<a class='ewd-ufaq-post-margin'  href='#' role=\"button\">\n\n\t\t<div class='ewd-ufaq-post-margin-symbol ewd-ufaq-'>\n\t\t\t<span >a<\/span>\n\t\t<\/div>\n\n\t\t<div class='ewd-ufaq-faq-title-text'>\n\n\t\t\t<h4>\n\t\t\t\tWas ist Ossifikation?\t\t\t<\/h4>\n\n\t\t<\/div>\n\n\t\t<div class='ewd-ufaq-clear'><\/div>\n\n\t<\/a>\n\t\n<\/div>\n\t\n\t<div class='ewd-ufaq-faq-body ewd-ufaq-hidden' >\n\n\t\t\n\t\t\t\n\t\t\n\t\t\t<div class='ewd-ufaq-post-margin ewd-ufaq-faq-post'>\n\t<p>Ossifikation ist der nat\u00fcrliche Prozess der Knochenbildung.<\/p><\/div>\n\t\t\n\t\t\t\n\t\t\n\t\t\t\n\t\t\n\t\t\t\n\t\t\n\t\t\t\n\t\t\n\t\t\t\n\t\t\n\t\t\t\n\t\t\n\t\t\t\n\t\t\n\t\t\t\n\t\t\n\t<\/div>\n\n<\/div><div  class=\"ewd-ufaq-faq-div ewd-ufaq-faq-column-count-one ewd-ufaq-faq-responsive-columns- ewd-ufaq-faq-display-style-default ewd-ufaq-can-be-toggled\" id='ewd-ufaq-post-1072-PjqIsUr611' data-post_id='1072'>\n\n\t<div class='ewd-ufaq-faq-title ewd-ufaq-faq-toggle'>\n\t\n\t<a class='ewd-ufaq-post-margin'  href='#' role=\"button\">\n\n\t\t<div class='ewd-ufaq-post-margin-symbol ewd-ufaq-'>\n\t\t\t<span >a<\/span>\n\t\t<\/div>\n\n\t\t<div class='ewd-ufaq-faq-title-text'>\n\n\t\t\t<h4>\n\t\t\t\tK\u00f6nnen wir etwas tun, um einen R\u00fcckfall zu verhindern?\t\t\t<\/h4>\n\n\t\t<\/div>\n\n\t\t<div class='ewd-ufaq-clear'><\/div>\n\n\t<\/a>\n\t\n<\/div>\n\t\n\t<div class='ewd-ufaq-faq-body ewd-ufaq-hidden' >\n\n\t\t\n\t\t\t\n\t\t\n\t\t\t<div class='ewd-ufaq-post-margin ewd-ufaq-faq-post'>\n\t<p>Das korrekte Tragen einer Orthese f\u00fcr drei bis vier Jahre ist der wichtigste Teil der Behandlung, um R\u00fcckf\u00e4lle zu reduzieren. Falsches Tragen der Orthese oder unzureichende Zeit in der Orthese wird die korrigierte Fu\u00dfposition nicht aufrechterhalten, da die Knochen erst im Alter von vier Jahren verkn\u00f6chern.<\/p><\/div>\n\t\t\n\t\t\t\n\t\t\n\t\t\t\n\t\t\n\t\t\t\n\t\t\n\t\t\t\n\t\t\n\t\t\t\n\t\t\n\t\t\t\n\t\t\n\t\t\t\n\t\t\n\t\t\t\n\t\t\n\t<\/div>\n\n<\/div><div  class=\"ewd-ufaq-faq-div ewd-ufaq-faq-column-count-one ewd-ufaq-faq-responsive-columns- ewd-ufaq-faq-display-style-default ewd-ufaq-can-be-toggled\" id='ewd-ufaq-post-1073-0ITH86ZD4r' data-post_id='1073'>\n\n\t<div class='ewd-ufaq-faq-title ewd-ufaq-faq-toggle'>\n\t\n\t<a class='ewd-ufaq-post-margin'  href='#' role=\"button\">\n\n\t\t<div class='ewd-ufaq-post-margin-symbol ewd-ufaq-'>\n\t\t\t<span >a<\/span>\n\t\t<\/div>\n\n\t\t<div class='ewd-ufaq-faq-title-text'>\n\n\t\t\t<h4>\n\t\t\t\tWas ist ein R\u00fcckfall?\t\t\t<\/h4>\n\n\t\t<\/div>\n\n\t\t<div class='ewd-ufaq-clear'><\/div>\n\n\t<\/a>\n\t\n<\/div>\n\t\n\t<div class='ewd-ufaq-faq-body ewd-ufaq-hidden' >\n\n\t\t\n\t\t\t\n\t\t\n\t\t\t<div class='ewd-ufaq-post-margin ewd-ufaq-faq-post'>\n\t<p>Wenn die Muskeln und Sehnen an der Innenseite des Fu\u00dfes und der Wade st\u00e4rker sind und den Fu\u00df wieder in eine Klumpfu\u00dfposition ziehen. Eine falsche Anwendung der Orthese sowie Wachstumssch\u00fcbe oder Muskel- und B\u00e4nderprobleme k\u00f6nnen R\u00fcckf\u00e4lle verursachen.<\/p><\/div>\n\t\t\n\t\t\t\n\t\t\n\t\t\t\n\t\t\n\t\t\t\n\t\t\n\t\t\t\n\t\t\n\t\t\t\n\t\t\n\t\t\t\n\t\t\n\t\t\t\n\t\t\n\t\t\t\n\t\t\n\t<\/div>\n\n<\/div>\n\t<\/div>\n\n\t\n<\/div>\n<p>[\/et_pb_text][\/et_pb_column][\/et_pb_row][\/et_pb_section][et_pb_section fb_built=&#8221;1&#8243; _builder_version=&#8221;4.16&#8243; _module_preset=&#8221;default&#8221; background_color=&#8221;#F7F7F7&#8243; global_colors_info=&#8221;{}&#8221; global_module=&#8221;1330&#8243; theme_builder_area=&#8221;post_content&#8221;][et_pb_row _builder_version=&#8221;4.16&#8243; _module_preset=&#8221;default&#8221; locked=&#8221;off&#8221; global_colors_info=&#8221;{}&#8221; theme_builder_area=&#8221;post_content&#8221;][et_pb_column type=&#8221;4_4&#8243; _builder_version=&#8221;4.16&#8243; _module_preset=&#8221;default&#8221; global_colors_info=&#8221;{}&#8221; theme_builder_area=&#8221;post_content&#8221;][et_pb_text _builder_version=&#8221;4.16&#8243; _module_preset=&#8221;default&#8221; text_orientation=&#8221;center&#8221; max_width=&#8221;910px&#8221; module_alignment=&#8221;center&#8221; global_colors_info=&#8221;{}&#8221; theme_builder_area=&#8221;post_content&#8221;]<\/p>\n<h2>Haben Sie die gesuchte Antwort nicht gefunden?<\/h2>\n<p>[\/et_pb_text][et_pb_text _builder_version=&#8221;4.16&#8243; _module_preset=&#8221;c0513d6b-bf65-4fa0-aad5-e004ab481f15&#8243; text_orientation=&#8221;center&#8221; module_alignment=&#8221;center&#8221; global_colors_info=&#8221;{}&#8221; theme_builder_area=&#8221;post_content&#8221;]<\/p>\n<p>Bitte senden Sie uns eine Nachricht und wir melden uns bei Ihnen. <\/p>\n<p>[\/et_pb_text][\/et_pb_column][\/et_pb_row][et_pb_row _builder_version=&#8221;4.16&#8243; _module_preset=&#8221;default&#8221; max_width=&#8221;900px&#8221; custom_margin=&#8221;45px||||false|false&#8221; global_colors_info=&#8221;{}&#8221; theme_builder_area=&#8221;post_content&#8221;][et_pb_column type=&#8221;4_4&#8243; _builder_version=&#8221;4.16&#8243; _module_preset=&#8221;default&#8221; global_colors_info=&#8221;{}&#8221; theme_builder_area=&#8221;post_content&#8221;][dsm_contact_form_7 show_validation=&#8221;on&#8221; _builder_version=&#8221;4.16&#8243; _module_preset=&#8221;default&#8221; global_colors_info=&#8221;{}&#8221; button_one_bg_enable_color__hover=&#8221;on&#8221; theme_builder_area=&#8221;post_content&#8221;][\/dsm_contact_form_7][\/et_pb_column][\/et_pb_row][\/et_pb_section]<\/p>","protected":false},"excerpt":{"rendered":"<p>A What is a relapse? When the muscles and tendons on the inside of the foot and calf are stronger and pull the foot back into a clubfoot position. Incorrect use of the BNB as well as growth spurts or muscle and ligament issues may cause relapses.<\/p>","protected":false},"author":4,"featured_media":0,"parent":169,"menu_order":0,"comment_status":"closed","ping_status":"closed","template":"","meta":{"_et_pb_use_builder":"on","_et_pb_old_content":"","_et_gb_content_width":"","spay_email":"","footnotes":""},"class_list":["post-175","page","type-page","status-publish","hentry"],"yoast_head":"<!-- This site is optimized with the Yoast SEO plugin v18.8 - https:\/\/yoast.com\/wordpress\/plugins\/seo\/ -->\n<title>Relapse - Canadian Clubfoot Support Society<\/title>\n<meta name=\"robots\" content=\"index, follow, max-snippet:-1, max-image-preview:large, max-video-preview:-1\" \/>\n<link rel=\"canonical\" href=\"https:\/\/clubfoot.ca\/de\/resources\/faq\/relapse\/\" \/>\n<meta property=\"og:locale\" content=\"de_DE\" \/>\n<meta property=\"og:type\" content=\"article\" \/>\n<meta property=\"og:title\" content=\"Relapse - Canadian Clubfoot Support Society\" \/>\n<meta property=\"og:description\" content=\"A What is a relapse? When the muscles and tendons on the inside of the foot and calf are stronger and pull the foot back into a clubfoot position. Incorrect use of the BNB as well as growth spurts or muscle and ligament issues may cause relapses.\" \/>\n<meta property=\"og:url\" content=\"https:\/\/clubfoot.ca\/de\/resources\/faq\/relapse\/\" \/>\n<meta property=\"og:site_name\" content=\"Canadian Clubfoot Support Society\" \/>\n<meta property=\"article:publisher\" content=\"https:\/\/www.facebook.com\/clubfoot.ca\" \/>\n<meta property=\"article:modified_time\" content=\"2022-05-09T16:59:43+00:00\" \/>\n<meta property=\"og:image\" content=\"https:\/\/i0.wp.com\/clubfoot.ca\/wp-content\/uploads\/2022\/05\/52719_Canadian-Clubfoot-Support-Society_logo_J_04-scaled.jpg?fit=2560%2C1463&#038;ssl=1\" \/>\n\t<meta property=\"og:image:width\" content=\"2560\" \/>\n\t<meta property=\"og:image:height\" content=\"1463\" \/>\n\t<meta property=\"og:image:type\" content=\"image\/jpeg\" \/>\n<meta name=\"twitter:card\" content=\"summary_large_image\" \/>\n<meta name=\"twitter:site\" content=\"@clubfootcanada\" \/>\n<script type=\"application\/ld+json\" class=\"yoast-schema-graph\">{\"@context\":\"https:\/\/schema.org\",\"@graph\":[{\"@type\":\"Organization\",\"@id\":\"https:\/\/clubfoot.ca\/#organization\",\"name\":\"Canadian Clubfoot Support Society\",\"url\":\"https:\/\/clubfoot.ca\/\",\"sameAs\":[\"https:\/\/www.facebook.com\/clubfoot.ca\",\"https:\/\/www.instagram.com\/clubfoot.ca\/?hl=en\",\"https:\/\/www.linkedin.com\/company\/canadian-clubfoot-support-society\/\",\"https:\/\/twitter.com\/clubfootcanada\"],\"logo\":{\"@type\":\"ImageObject\",\"inLanguage\":\"de\",\"@id\":\"https:\/\/clubfoot.ca\/#\/schema\/logo\/image\/\",\"url\":\"https:\/\/clubfoot.ca\/wp-content\/uploads\/2022\/05\/ccss_logo_colour_sm.webp\",\"contentUrl\":\"https:\/\/clubfoot.ca\/wp-content\/uploads\/2022\/05\/ccss_logo_colour_sm.webp\",\"width\":200,\"height\":188,\"caption\":\"Canadian Clubfoot Support Society\"},\"image\":{\"@id\":\"https:\/\/clubfoot.ca\/#\/schema\/logo\/image\/\"}},{\"@type\":\"WebSite\",\"@id\":\"https:\/\/clubfoot.ca\/#website\",\"url\":\"https:\/\/clubfoot.ca\/\",\"name\":\"Canadian Clubfoot Support Society\",\"description\":\"A site for parents, by parents\",\"publisher\":{\"@id\":\"https:\/\/clubfoot.ca\/#organization\"},\"potentialAction\":[{\"@type\":\"SearchAction\",\"target\":{\"@type\":\"EntryPoint\",\"urlTemplate\":\"https:\/\/clubfoot.ca\/?s={search_term_string}\"},\"query-input\":\"required name=search_term_string\"}],\"inLanguage\":\"de\"},{\"@type\":\"WebPage\",\"@id\":\"https:\/\/clubfoot.ca\/resources\/faq\/relapse\/#webpage\",\"url\":\"https:\/\/clubfoot.ca\/resources\/faq\/relapse\/\",\"name\":\"Relapse - Canadian Clubfoot Support Society\",\"isPartOf\":{\"@id\":\"https:\/\/clubfoot.ca\/#website\"},\"datePublished\":\"2021-10-08T18:02:01+00:00\",\"dateModified\":\"2022-05-09T16:59:43+00:00\",\"breadcrumb\":{\"@id\":\"https:\/\/clubfoot.ca\/resources\/faq\/relapse\/#breadcrumb\"},\"inLanguage\":\"de\",\"potentialAction\":[{\"@type\":\"ReadAction\",\"target\":[\"https:\/\/clubfoot.ca\/resources\/faq\/relapse\/\"]}]},{\"@type\":\"BreadcrumbList\",\"@id\":\"https:\/\/clubfoot.ca\/resources\/faq\/relapse\/#breadcrumb\",\"itemListElement\":[{\"@type\":\"ListItem\",\"position\":1,\"name\":\"Home\",\"item\":\"https:\/\/clubfoot.ca\/\"},{\"@type\":\"ListItem\",\"position\":2,\"name\":\"Resources\",\"item\":\"https:\/\/clubfoot.ca\/fr\/resources\/\"},{\"@type\":\"ListItem\",\"position\":3,\"name\":\"Treatment Questions Answered\",\"item\":\"https:\/\/clubfoot.ca\/fr\/resources\/faq\/\"},{\"@type\":\"ListItem\",\"position\":4,\"name\":\"Relapse\"}]}]}<\/script>\n<!-- \/ Yoast SEO plugin. -->","yoast_head_json":{"title":"Relapse - Canadian Clubfoot Support Society","robots":{"index":"index","follow":"follow","max-snippet":"max-snippet:-1","max-image-preview":"max-image-preview:large","max-video-preview":"max-video-preview:-1"},"canonical":"https:\/\/clubfoot.ca\/de\/resources\/faq\/relapse\/","og_locale":"de_DE","og_type":"article","og_title":"Relapse - Canadian Clubfoot Support Society","og_description":"A What is a relapse? When the muscles and tendons on the inside of the foot and calf are stronger and pull the foot back into a clubfoot position. Incorrect use of the BNB as well as growth spurts or muscle and ligament issues may cause relapses.","og_url":"https:\/\/clubfoot.ca\/de\/resources\/faq\/relapse\/","og_site_name":"Canadian Clubfoot Support Society","article_publisher":"https:\/\/www.facebook.com\/clubfoot.ca","article_modified_time":"2022-05-09T16:59:43+00:00","og_image":[{"width":2560,"height":1463,"url":"https:\/\/i0.wp.com\/clubfoot.ca\/wp-content\/uploads\/2022\/05\/52719_Canadian-Clubfoot-Support-Society_logo_J_04-scaled.jpg?fit=2560%2C1463&ssl=1","type":"image\/jpeg"}],"twitter_card":"summary_large_image","twitter_site":"@clubfootcanada","schema":{"@context":"https:\/\/schema.org","@graph":[{"@type":"Organization","@id":"https:\/\/clubfoot.ca\/#organization","name":"Canadian Clubfoot Support Society","url":"https:\/\/clubfoot.ca\/","sameAs":["https:\/\/www.facebook.com\/clubfoot.ca","https:\/\/www.instagram.com\/clubfoot.ca\/?hl=en","https:\/\/www.linkedin.com\/company\/canadian-clubfoot-support-society\/","https:\/\/twitter.com\/clubfootcanada"],"logo":{"@type":"ImageObject","inLanguage":"de","@id":"https:\/\/clubfoot.ca\/#\/schema\/logo\/image\/","url":"https:\/\/clubfoot.ca\/wp-content\/uploads\/2022\/05\/ccss_logo_colour_sm.webp","contentUrl":"https:\/\/clubfoot.ca\/wp-content\/uploads\/2022\/05\/ccss_logo_colour_sm.webp","width":200,"height":188,"caption":"Canadian Clubfoot Support Society"},"image":{"@id":"https:\/\/clubfoot.ca\/#\/schema\/logo\/image\/"}},{"@type":"WebSite","@id":"https:\/\/clubfoot.ca\/#website","url":"https:\/\/clubfoot.ca\/","name":"Canadian Clubfoot Support Society","description":"A site for parents, by parents","publisher":{"@id":"https:\/\/clubfoot.ca\/#organization"},"potentialAction":[{"@type":"SearchAction","target":{"@type":"EntryPoint","urlTemplate":"https:\/\/clubfoot.ca\/?s={search_term_string}"},"query-input":"required name=search_term_string"}],"inLanguage":"de"},{"@type":"WebPage","@id":"https:\/\/clubfoot.ca\/resources\/faq\/relapse\/#webpage","url":"https:\/\/clubfoot.ca\/resources\/faq\/relapse\/","name":"Relapse - Canadian Clubfoot Support Society","isPartOf":{"@id":"https:\/\/clubfoot.ca\/#website"},"datePublished":"2021-10-08T18:02:01+00:00","dateModified":"2022-05-09T16:59:43+00:00","breadcrumb":{"@id":"https:\/\/clubfoot.ca\/resources\/faq\/relapse\/#breadcrumb"},"inLanguage":"de","potentialAction":[{"@type":"ReadAction","target":["https:\/\/clubfoot.ca\/resources\/faq\/relapse\/"]}]},{"@type":"BreadcrumbList","@id":"https:\/\/clubfoot.ca\/resources\/faq\/relapse\/#breadcrumb","itemListElement":[{"@type":"ListItem","position":1,"name":"Home","item":"https:\/\/clubfoot.ca\/"},{"@type":"ListItem","position":2,"name":"Resources","item":"https:\/\/clubfoot.ca\/fr\/resources\/"},{"@type":"ListItem","position":3,"name":"Treatment Questions Answered","item":"https:\/\/clubfoot.ca\/fr\/resources\/faq\/"},{"@type":"ListItem","position":4,"name":"Relapse"}]}]}},"_links":{"self":[{"href":"https:\/\/clubfoot.ca\/de\/wp-json\/wp\/v2\/pages\/175","targetHints":{"allow":["GET"]}}],"collection":[{"href":"https:\/\/clubfoot.ca\/de\/wp-json\/wp\/v2\/pages"}],"about":[{"href":"https:\/\/clubfoot.ca\/de\/wp-json\/wp\/v2\/types\/page"}],"author":[{"embeddable":true,"href":"https:\/\/clubfoot.ca\/de\/wp-json\/wp\/v2\/users\/4"}],"replies":[{"embeddable":true,"href":"https:\/\/clubfoot.ca\/de\/wp-json\/wp\/v2\/comments?post=175"}],"version-history":[{"count":0,"href":"https:\/\/clubfoot.ca\/de\/wp-json\/wp\/v2\/pages\/175\/revisions"}],"up":[{"embeddable":true,"href":"https:\/\/clubfoot.ca\/de\/wp-json\/wp\/v2\/pages\/169"}],"wp:attachment":[{"href":"https:\/\/clubfoot.ca\/de\/wp-json\/wp\/v2\/media?parent=175"}],"curies":[{"name":"wp","href":"https:\/\/api.w.org\/{rel}","templated":true}]}}