{"id":538,"date":"2022-01-27T10:34:45","date_gmt":"2022-01-27T15:34:45","guid":{"rendered":"https:\/\/clubfoot.ca\/?page_id=538"},"modified":"2022-05-09T15:44:20","modified_gmt":"2022-05-09T19:44:20","slug":"contact","status":"publish","type":"page","link":"https:\/\/clubfoot.ca\/es\/contact\/","title":{"rendered":"Cont\u00e1ctenos"},"content":{"rendered":"<p>[et_pb_section fb_built=&#8221;1&#8243; module_class=&#8221;subpage-header&#8221; _builder_version=&#8221;4.16&#8243; _module_preset=&#8221;default&#8221; background_color=&#8221;#F7F7F7&#8243; background_color_gradient_direction=&#8221;90deg&#8221; background_color_gradient_start=&#8221;#eeeeee&#8221; background_color_gradient_end=&#8221;rgba(0,0,0,0)&#8221; background_image=&#8221;https:\/\/clubfoot.ca\/wp-content\/uploads\/2022\/02\/young-girl-smiling-solid-background.jpg&#8221; background_last_edited=&#8221;on|tablet&#8221; use_background_color_gradient_tablet=&#8221;on&#8221; background_color_gradient_stops_tablet=&#8221;rgba(238,238,238,0.85) 0%|rgba(238,238,238,0.85) 100%&#8221; background_color_gradient_overlays_image_tablet=&#8221;on&#8221; background_color_gradient_start_tablet=&#8221;rgba(238,238,238,0.85)&#8221; background_color_gradient_end_tablet=&#8221;rgba(238,238,238,0.85)&#8221; custom_css_main_element=&#8221;background-position: 50% 42%;&#8221; global_colors_info=&#8221;{}&#8221;][et_pb_row column_structure=&#8221;1_2,1_2&#8243; _builder_version=&#8221;4.16&#8243; _module_preset=&#8221;default&#8221; global_colors_info=&#8221;{}&#8221;][et_pb_column type=&#8221;1_2&#8243; _builder_version=&#8221;4.16&#8243; _module_preset=&#8221;default&#8221; global_colors_info=&#8221;{}&#8221; custom_css_main_element_last_edited=&#8221;on|tablet&#8221; custom_css_main_element_tablet=&#8221;margin-bottom: 0;&#8221; custom_css_main_element_phone=&#8221;margin-bottom: 0;&#8221;][et_pb_text _builder_version=&#8221;4.16&#8243; _module_preset=&#8221;default&#8221; custom_margin=&#8221;|||-38px|false|false&#8221; custom_padding=&#8221;|||30px|false|false&#8221; border_width_left=&#8221;8px&#8221; border_color_left=&#8221;#42FFC9&#8243; global_colors_info=&#8221;{}&#8221;]<\/p>\n<h1>Cont\u00e1ctenos<\/h1>\n<p>[\/et_pb_text][\/et_pb_column][et_pb_column type=&#8221;1_2&#8243; disabled_on=&#8221;on|on|off&#8221; _builder_version=&#8221;4.16&#8243; _module_preset=&#8221;default&#8221; global_colors_info=&#8221;{}&#8221;][\/et_pb_column][\/et_pb_row][et_pb_row _builder_version=&#8221;4.16&#8243; _module_preset=&#8221;default&#8221; custom_margin=&#8221;45px||||false|false&#8221; global_colors_info=&#8221;{}&#8221;][et_pb_column type=&#8221;4_4&#8243; _builder_version=&#8221;4.16&#8243; _module_preset=&#8221;default&#8221; global_colors_info=&#8221;{}&#8221;][dsm_breadcrumbs _builder_version=&#8221;4.16&#8243; _module_preset=&#8221;default&#8221; home_icon_font_size_tablet=&#8221;&#8221; home_icon_font_size_phone=&#8221;0px&#8221; home_icon_font_size_last_edited=&#8221;on|phone&#8221; global_colors_info=&#8221;{}&#8221;][\/dsm_breadcrumbs][\/et_pb_column][\/et_pb_row][\/et_pb_section][et_pb_section fb_built=&#8221;1&#8243; _builder_version=&#8221;4.16&#8243; _module_preset=&#8221;default&#8221; global_colors_info=&#8221;{}&#8221;][et_pb_row column_structure=&#8221;1_2,1_2&#8243; _builder_version=&#8221;4.16&#8243; _module_preset=&#8221;default&#8221; custom_margin=&#8221;||||false|false&#8221; global_colors_info=&#8221;{}&#8221;][et_pb_column type=&#8221;1_2&#8243; _builder_version=&#8221;4.16&#8243; _module_preset=&#8221;default&#8221; custom_padding=&#8221;|5%|||false|false&#8221; global_colors_info=&#8221;{}&#8221;][et_pb_text _builder_version=&#8221;4.16&#8243; _module_preset=&#8221;b3b435e0-144d-4ca9-9ab7-3893509c12ff&#8221; custom_margin=&#8221;||30px||false|false&#8221; global_colors_info=&#8221;{}&#8221;]<\/p>\n<p>Si desea ponerse en contacto con la Sociedad Canadiense de Apoyo al Pie Equinovaro, comun\u00edquese con nosotros utilizando la informaci\u00f3n a continuaci\u00f3n o el siguiente formulario.<\/p>\n<p>[\/et_pb_text][dsm_icon_list icon_color=&#8221;#E06E09&#8243; icon_padding=&#8221;4px&#8221; icon_font_size=&#8221;20px&#8221; list_space_between=&#8221;15px&#8221; text_indent=&#8221;15px&#8221; _builder_version=&#8221;4.17.0&#8243; _module_preset=&#8221;default&#8221; text_font_size=&#8221;18px&#8221; global_colors_info=&#8221;{}&#8221;][dsm_icon_list_child text=&#8221;info@clubfoot.ca&#8221; font_icon=&#8221;&#xe076;||divi||400&#8243; icon_color=&#8221;#E06E09&#8243; url=&#8221;mailto:info@clubfoot.ca&#8221; _builder_version=&#8221;4.17.0&#8243; _module_preset=&#8221;default&#8221; global_colors_info=&#8221;{}&#8221; icon_color__hover_enabled=&#8221;on|hover&#8221; icon_color__hover=&#8221;#003234&#8243;][\/dsm_icon_list_child][\/dsm_icon_list][et_pb_divider color=&#8221;#EEEEEE&#8221; _builder_version=&#8221;4.16&#8243; _module_preset=&#8221;default&#8221; custom_margin=&#8221;45px||0px||false|false&#8221; global_colors_info=&#8221;{}&#8221;][\/et_pb_divider][et_pb_social_media_follow use_icon_font_size=&#8221;on&#8221; icon_font_size=&#8221;24px&#8221; _builder_version=&#8221;4.17.3&#8243; _module_preset=&#8221;default&#8221; transform_translate=&#8221;-10px|0px&#8221; transform_translate_linked=&#8221;off&#8221; hover_enabled=&#8221;0&#8243; border_color_top=&#8221;#EEEEEE&#8221; global_colors_info=&#8221;{}&#8221; custom_margin_last_edited=&#8221;on|tablet&#8221; sticky_enabled=&#8221;0&#8243; custom_margin_tablet=&#8221;||45px||false|false&#8221; custom_margin_phone=&#8221;||45px||false|false&#8221;][et_pb_social_media_follow_network social_network=&#8221;facebook&#8221; icon_color=&#8221;#003234&#8243; _builder_version=&#8221;4.16&#8243; _module_preset=&#8221;default&#8221; background_color=&#8221;RGBA(255,255,255,0)&#8221; background_enable_color=&#8221;on&#8221; global_colors_info=&#8221;{}&#8221; icon_color__hover_enabled=&#8221;on|hover&#8221; icon_color__hover=&#8221;#42FFC9&#8243; follow_button=&#8221;off&#8221; url_new_window=&#8221;on&#8221;]facebook[\/et_pb_social_media_follow_network][et_pb_social_media_follow_network social_network=&#8221;instagram&#8221; icon_color=&#8221;#003234&#8243; _builder_version=&#8221;4.16&#8243; _module_preset=&#8221;default&#8221; background_enable_color=&#8221;off&#8221; global_colors_info=&#8221;{}&#8221; icon_color__hover_enabled=&#8221;on|hover&#8221; icon_color__hover=&#8221;#42FFC9&#8243; follow_button=&#8221;off&#8221; url_new_window=&#8221;on&#8221;]instagram[\/et_pb_social_media_follow_network][et_pb_social_media_follow_network social_network=&#8221;youtube&#8221; icon_color=&#8221;#003234&#8243; _builder_version=&#8221;4.16&#8243; _module_preset=&#8221;default&#8221; background_color=&#8221;RGBA(255,255,255,0)&#8221; background_enable_color=&#8221;on&#8221; global_colors_info=&#8221;{}&#8221; icon_color__hover_enabled=&#8221;on|hover&#8221; icon_color__hover=&#8221;#42FFC9&#8243; follow_button=&#8221;off&#8221; url_new_window=&#8221;on&#8221;]youtube[\/et_pb_social_media_follow_network][\/et_pb_social_media_follow][\/et_pb_column][et_pb_column type=&#8221;1_2&#8243; _builder_version=&#8221;4.16&#8243; _module_preset=&#8221;default&#8221; custom_padding=&#8221;|5%|||false|false&#8221; global_colors_info=&#8221;{}&#8221;][et_pb_text _builder_version=&#8221;4.16&#8243; _module_preset=&#8221;c0513d6b-bf65-4fa0-aad5-e004ab481f15&#8243; global_colors_info=&#8221;{}&#8221;]<\/p>\n<h2>Env\u00edanos <strong>un mensaje<\/strong><\/h2>\n<p>[\/et_pb_text][dsm_contact_form_7 cf7_library=&#8221;5&#8243; _builder_version=&#8221;4.16&#8243; _module_preset=&#8221;default&#8221; global_colors_info=&#8221;{}&#8221;][\/dsm_contact_form_7][\/et_pb_column][\/et_pb_row][\/et_pb_section]<\/p>","protected":false},"excerpt":{"rendered":"<p>Cont\u00e1ctenos<div class=\"et_pb_module dsm_breadcrumbs dsm_breadcrumbs_0\">\n\t\t\t\t\n\t\t\t\t\n\t\t\t\t\n\t\t\t\t\n\t\t\t\t\n\t\t\t\t\n\t\t\t\t<div class=\"et_pb_module_inner\">\n\t\t\t\t\t<nav class=\"dsm_breadcrumbs_wrap\" role=\"navigation\" itemscope=\"\" itemtype=\"http:\/\/schema.org\/SiteNavigationElement\">\n\t\t\t\t<ul class=\"dsm_breadcrumbs\">\n\t\t\t<li class='dsm_breadcrumbs_item dsm_home_item dsm_home_item_custom'>\n\t\t\t\t<a href=\"https:\/\/clubfoot.ca\/es\" itemprop=\"url\">\n\t\t\t\t\t<span class='dsm_home_text_wrapper'>\n\t\t\t\t\t\t\t\t\t\t\t\t\t<span class=\"et-pb-icon dsm_home_icon\">\ue009<\/span>\n\t\t\t\t\t\t\t\t\t\t\t\t\t<span class=\"dsm_home_text\" itemprop=\"name\">\n\t\t\t\t\t\t\t\tCasa\t\t\t\t\t\t\t<\/span>\n\t\t\t\t\t<\/span>\n\t\t\t\t<\/a>\n\t\t\t<\/li>\n\n\t\t<li class=\"dsm_breadcrumbs_separator\"> <span class=\"et-pb-icon dsm_separator_icon\">5<\/span><\/li><\/ul>\n\t\t\t<\/nav>\n\t\t\t\t<\/div>\n\t\t\t<\/div>Si desea ponerse en contacto con la Sociedad Canadiense de Apoyo al Pie Equinovaro, comun\u00edquese con nosotros utilizando la informaci\u00f3n a continuaci\u00f3n o el siguiente formulario.<div class=\"et_pb_module dsm_icon_list dsm_icon_list_0\">\n\t\t\t\t\n\t\t\t\t\n\t\t\t\t\n\t\t\t\t\n\t\t\t\t\n\t\t\t\t\n\t\t\t\t<div class=\"et_pb_module_inner\">\n\t\t\t\t\t<ul class=\"dsm_icon_list_items dsm_icon_list_ltr_direction dsm_icon_list_layout_vertical\"><li class=\"dsm_icon_list_child dsm_icon_list_child_0\">\n\t\t\t\t\n\t\t\t\t\n\t\t\t\t\n\t\t\t\t\n\t\t\t\t<a href=\"mailto:info@clubfoot.ca\"><span class=\"dsm_icon_list_wrapper\"><span class=\"dsm_icon_list_icon\">\ue076<\/span><\/span><span class=\"dsm_icon_list_text\">info@clubfoot.ca<\/span><\/a>\n\t\t\t<\/li><\/ul>\n\t\t\t\t<\/div>\n\t\t\t<\/div>facebookinstagramyoutubeSend Us a Message<div class=\"et_pb_with_border et_pb_module dsm_contact_form_7 dsm_contact_form_7_0\">\n\t\t\t\t\n\t\t\t\t\n\t\t\t\t\n\t\t\t\t\n\t\t\t\t\n\t\t\t\t\n\t\t\t\t<div class=\"et_pb_module_inner\">\n\t\t\t\t\t<div class=\"\">\n\t\t\t\t<p class=\"wpcf7-contact-form-not-found\"><strong>Error:<\/strong> No se encontr\u00f3 ning\u00fan formulario de contacto.<\/p>\n\t\t\t<\/div>\n\t\t\t\t<\/div>\n\t\t\t<\/div><\/p>","protected":false},"author":4,"featured_media":0,"parent":0,"menu_order":0,"comment_status":"closed","ping_status":"closed","template":"","meta":{"_et_pb_use_builder":"on","_et_pb_old_content":"<!-- wp:divi\/placeholder \/-->","_et_gb_content_width":"","spay_email":"","footnotes":""},"class_list":["post-538","page","type-page","status-publish","hentry"],"yoast_head":"<!-- This site is optimized with the Yoast SEO plugin v18.8 - https:\/\/yoast.com\/wordpress\/plugins\/seo\/ -->\n<title>Contact Us - Canadian Clubfoot Support Society<\/title>\n<meta name=\"robots\" content=\"index, follow, max-snippet:-1, max-image-preview:large, max-video-preview:-1\" \/>\n<link rel=\"canonical\" href=\"https:\/\/clubfoot.ca\/es\/contact\/\" \/>\n<meta property=\"og:locale\" content=\"es_MX\" \/>\n<meta property=\"og:type\" content=\"article\" \/>\n<meta property=\"og:title\" content=\"Contact Us - Canadian Clubfoot Support Society\" \/>\n<meta property=\"og:description\" content=\"Contact UsIf you would like to get in touch with the Canadian Clubfoot Support Society, please contact us using the information below or the following form.facebookinstagramyoutubeSend Us a Message\" \/>\n<meta property=\"og:url\" content=\"https:\/\/clubfoot.ca\/es\/contact\/\" \/>\n<meta property=\"og:site_name\" content=\"Canadian Clubfoot Support Society\" \/>\n<meta property=\"article:publisher\" content=\"https:\/\/www.facebook.com\/clubfoot.ca\" \/>\n<meta property=\"article:modified_time\" content=\"2022-05-09T19:44:20+00:00\" \/>\n<meta property=\"og:image\" content=\"https:\/\/i0.wp.com\/clubfoot.ca\/wp-content\/uploads\/2022\/05\/52719_Canadian-Clubfoot-Support-Society_logo_J_04-scaled.jpg?fit=2560%2C1463&#038;ssl=1\" \/>\n\t<meta property=\"og:image:width\" content=\"2560\" \/>\n\t<meta property=\"og:image:height\" content=\"1463\" \/>\n\t<meta property=\"og:image:type\" content=\"image\/jpeg\" \/>\n<meta name=\"twitter:card\" content=\"summary_large_image\" \/>\n<meta name=\"twitter:site\" content=\"@clubfootcanada\" \/>\n<script type=\"application\/ld+json\" class=\"yoast-schema-graph\">{\"@context\":\"https:\/\/schema.org\",\"@graph\":[{\"@type\":\"Organization\",\"@id\":\"https:\/\/clubfoot.ca\/#organization\",\"name\":\"Canadian Clubfoot Support Society\",\"url\":\"https:\/\/clubfoot.ca\/\",\"sameAs\":[\"https:\/\/www.facebook.com\/clubfoot.ca\",\"https:\/\/www.instagram.com\/clubfoot.ca\/?hl=en\",\"https:\/\/www.linkedin.com\/company\/canadian-clubfoot-support-society\/\",\"https:\/\/twitter.com\/clubfootcanada\"],\"logo\":{\"@type\":\"ImageObject\",\"inLanguage\":\"es\",\"@id\":\"https:\/\/clubfoot.ca\/#\/schema\/logo\/image\/\",\"url\":\"https:\/\/clubfoot.ca\/wp-content\/uploads\/2022\/05\/ccss_logo_colour_sm.webp\",\"contentUrl\":\"https:\/\/clubfoot.ca\/wp-content\/uploads\/2022\/05\/ccss_logo_colour_sm.webp\",\"width\":200,\"height\":188,\"caption\":\"Canadian Clubfoot Support Society\"},\"image\":{\"@id\":\"https:\/\/clubfoot.ca\/#\/schema\/logo\/image\/\"}},{\"@type\":\"WebSite\",\"@id\":\"https:\/\/clubfoot.ca\/#website\",\"url\":\"https:\/\/clubfoot.ca\/\",\"name\":\"Canadian Clubfoot Support Society\",\"description\":\"A site for parents, by parents\",\"publisher\":{\"@id\":\"https:\/\/clubfoot.ca\/#organization\"},\"potentialAction\":[{\"@type\":\"SearchAction\",\"target\":{\"@type\":\"EntryPoint\",\"urlTemplate\":\"https:\/\/clubfoot.ca\/?s={search_term_string}\"},\"query-input\":\"required name=search_term_string\"}],\"inLanguage\":\"es\"},{\"@type\":\"WebPage\",\"@id\":\"https:\/\/clubfoot.ca\/fr\/contact\/#webpage\",\"url\":\"https:\/\/clubfoot.ca\/fr\/contact\/\",\"name\":\"Contact Us - Canadian Clubfoot Support Society\",\"isPartOf\":{\"@id\":\"https:\/\/clubfoot.ca\/#website\"},\"datePublished\":\"2022-01-27T15:34:45+00:00\",\"dateModified\":\"2022-05-09T19:44:20+00:00\",\"breadcrumb\":{\"@id\":\"https:\/\/clubfoot.ca\/fr\/contact\/#breadcrumb\"},\"inLanguage\":\"es\",\"potentialAction\":[{\"@type\":\"ReadAction\",\"target\":[\"https:\/\/clubfoot.ca\/fr\/contact\/\"]}]},{\"@type\":\"BreadcrumbList\",\"@id\":\"https:\/\/clubfoot.ca\/fr\/contact\/#breadcrumb\",\"itemListElement\":[{\"@type\":\"ListItem\",\"position\":1,\"name\":\"Home\",\"item\":\"https:\/\/clubfoot.ca\/\"},{\"@type\":\"ListItem\",\"position\":2,\"name\":\"Contact Us\"}]}]}<\/script>\n<!-- \/ Yoast SEO plugin. -->","yoast_head_json":{"title":"Contact Us - Canadian Clubfoot Support Society","robots":{"index":"index","follow":"follow","max-snippet":"max-snippet:-1","max-image-preview":"max-image-preview:large","max-video-preview":"max-video-preview:-1"},"canonical":"https:\/\/clubfoot.ca\/es\/contact\/","og_locale":"es_MX","og_type":"article","og_title":"Contact Us - Canadian Clubfoot Support Society","og_description":"Contact UsIf you would like to get in touch with the Canadian Clubfoot Support Society, please contact us using the information below or the following form.facebookinstagramyoutubeSend Us a Message","og_url":"https:\/\/clubfoot.ca\/es\/contact\/","og_site_name":"Canadian Clubfoot Support Society","article_publisher":"https:\/\/www.facebook.com\/clubfoot.ca","article_modified_time":"2022-05-09T19:44:20+00:00","og_image":[{"width":2560,"height":1463,"url":"https:\/\/i0.wp.com\/clubfoot.ca\/wp-content\/uploads\/2022\/05\/52719_Canadian-Clubfoot-Support-Society_logo_J_04-scaled.jpg?fit=2560%2C1463&ssl=1","type":"image\/jpeg"}],"twitter_card":"summary_large_image","twitter_site":"@clubfootcanada","schema":{"@context":"https:\/\/schema.org","@graph":[{"@type":"Organization","@id":"https:\/\/clubfoot.ca\/#organization","name":"Canadian Clubfoot Support Society","url":"https:\/\/clubfoot.ca\/","sameAs":["https:\/\/www.facebook.com\/clubfoot.ca","https:\/\/www.instagram.com\/clubfoot.ca\/?hl=en","https:\/\/www.linkedin.com\/company\/canadian-clubfoot-support-society\/","https:\/\/twitter.com\/clubfootcanada"],"logo":{"@type":"ImageObject","inLanguage":"es","@id":"https:\/\/clubfoot.ca\/#\/schema\/logo\/image\/","url":"https:\/\/clubfoot.ca\/wp-content\/uploads\/2022\/05\/ccss_logo_colour_sm.webp","contentUrl":"https:\/\/clubfoot.ca\/wp-content\/uploads\/2022\/05\/ccss_logo_colour_sm.webp","width":200,"height":188,"caption":"Canadian Clubfoot Support Society"},"image":{"@id":"https:\/\/clubfoot.ca\/#\/schema\/logo\/image\/"}},{"@type":"WebSite","@id":"https:\/\/clubfoot.ca\/#website","url":"https:\/\/clubfoot.ca\/","name":"Canadian Clubfoot Support Society","description":"A site for parents, by parents","publisher":{"@id":"https:\/\/clubfoot.ca\/#organization"},"potentialAction":[{"@type":"SearchAction","target":{"@type":"EntryPoint","urlTemplate":"https:\/\/clubfoot.ca\/?s={search_term_string}"},"query-input":"required name=search_term_string"}],"inLanguage":"es"},{"@type":"WebPage","@id":"https:\/\/clubfoot.ca\/fr\/contact\/#webpage","url":"https:\/\/clubfoot.ca\/fr\/contact\/","name":"Contact Us - Canadian Clubfoot Support Society","isPartOf":{"@id":"https:\/\/clubfoot.ca\/#website"},"datePublished":"2022-01-27T15:34:45+00:00","dateModified":"2022-05-09T19:44:20+00:00","breadcrumb":{"@id":"https:\/\/clubfoot.ca\/fr\/contact\/#breadcrumb"},"inLanguage":"es","potentialAction":[{"@type":"ReadAction","target":["https:\/\/clubfoot.ca\/fr\/contact\/"]}]},{"@type":"BreadcrumbList","@id":"https:\/\/clubfoot.ca\/fr\/contact\/#breadcrumb","itemListElement":[{"@type":"ListItem","position":1,"name":"Home","item":"https:\/\/clubfoot.ca\/"},{"@type":"ListItem","position":2,"name":"Contact Us"}]}]}},"_links":{"self":[{"href":"https:\/\/clubfoot.ca\/es\/wp-json\/wp\/v2\/pages\/538","targetHints":{"allow":["GET"]}}],"collection":[{"href":"https:\/\/clubfoot.ca\/es\/wp-json\/wp\/v2\/pages"}],"about":[{"href":"https:\/\/clubfoot.ca\/es\/wp-json\/wp\/v2\/types\/page"}],"author":[{"embeddable":true,"href":"https:\/\/clubfoot.ca\/es\/wp-json\/wp\/v2\/users\/4"}],"replies":[{"embeddable":true,"href":"https:\/\/clubfoot.ca\/es\/wp-json\/wp\/v2\/comments?post=538"}],"version-history":[{"count":0,"href":"https:\/\/clubfoot.ca\/es\/wp-json\/wp\/v2\/pages\/538\/revisions"}],"wp:attachment":[{"href":"https:\/\/clubfoot.ca\/es\/wp-json\/wp\/v2\/media?parent=538"}],"curies":[{"name":"wp","href":"https:\/\/api.w.org\/{rel}","templated":true}]}}