{"id":175,"date":"2021-10-08T14:02:01","date_gmt":"2021-10-08T18:02:01","guid":{"rendered":"https:\/\/clubfoot.ca\/?page_id=175"},"modified":"2022-05-09T12:59:43","modified_gmt":"2022-05-09T16:59:43","slug":"relapse","status":"publish","type":"page","link":"https:\/\/clubfoot.ca\/lt\/resources\/faq\/relapse\/","title":{"rendered":"Recidyvas"},"content":{"rendered":"<p>[et_pb_section fb_built=&#8221;1&#8243; _builder_version=&#8221;4.17.3&#8243; _module_preset=&#8221;default&#8221; background_color=&#8221;#ad3537&#8243; background_enable_image=&#8221;off&#8221; locked=&#8221;off&#8221; global_colors_info=&#8221;{}&#8221;][et_pb_row column_structure=&#8221;1_2,1_2&#8243; _builder_version=&#8221;4.16&#8243; _module_preset=&#8221;default&#8221; global_colors_info=&#8221;{}&#8221;][et_pb_column type=&#8221;1_2&#8243; _builder_version=&#8221;4.16&#8243; _module_preset=&#8221;default&#8221; global_colors_info=&#8221;{}&#8221;][et_pb_text _builder_version=&#8221;4.16&#8243; _module_preset=&#8221;default&#8221; background_layout=&#8221;dark&#8221; max_width=&#8221;300px&#8221; custom_margin=&#8221;|||-38px|false|false&#8221; custom_padding=&#8221;|||30px|false|false&#8221; border_width_left=&#8221;8px&#8221; border_color_left=&#8221;#42FFC9&#8243; global_colors_info=&#8221;{}&#8221;]<\/p>\n<h1>Atkry\u010dio DUK<\/h1>\n<p>[\/et_pb_text][\/et_pb_column][et_pb_column type=&#8221;1_2&#8243; _builder_version=&#8221;4.16&#8243; _module_preset=&#8221;default&#8221; global_colors_info=&#8221;{}&#8221;][et_pb_image src=&#8221;https:\/\/clubfoot.ca\/wp-content\/uploads\/2022\/05\/icon_RELAPSE.png&#8221; _builder_version=&#8221;4.17.3&#8243; _module_preset=&#8221;83ad0d5e-d328-4726-b6cc-d3c798a2bfbe&#8221; global_colors_info=&#8221;{}&#8221;][\/et_pb_image][\/et_pb_column][\/et_pb_row][et_pb_row _builder_version=&#8221;4.16&#8243; _module_preset=&#8221;default&#8221; custom_margin=&#8221;45px||||false|false&#8221; global_colors_info=&#8221;{}&#8221;][et_pb_column type=&#8221;4_4&#8243; _builder_version=&#8221;4.16&#8243; _module_preset=&#8221;default&#8221; global_colors_info=&#8221;{}&#8221;][dsm_breadcrumbs _builder_version=&#8221;4.16&#8243; _module_preset=&#8221;default&#8221; items_text_color=&#8221;#EEEEEE&#8221; separators_text_color=&#8221;#FFFFFF&#8221; current_text_color=&#8221;#FFFFFF&#8221; global_colors_info=&#8221;{}&#8221; items_text_color__hover=&#8221;#FFFFFF&#8221;][\/dsm_breadcrumbs][\/et_pb_column][\/et_pb_row][\/et_pb_section][et_pb_section fb_built=&#8221;1&#8243; _builder_version=&#8221;4.16&#8243; _module_preset=&#8221;default&#8221; locked=&#8221;off&#8221; global_colors_info=&#8221;{}&#8221;][et_pb_row _builder_version=&#8221;4.16&#8243; _module_preset=&#8221;default&#8221; global_colors_info=&#8221;{}&#8221;][et_pb_column type=&#8221;4_4&#8243; _builder_version=&#8221;4.16&#8243; _module_preset=&#8221;default&#8221; global_colors_info=&#8221;{}&#8221;][et_pb_text _builder_version=&#8221;4.16&#8243; _module_preset=&#8221;default&#8221; global_colors_info=&#8221;{}&#8221;]<\/p>\n<div id='ewd-ufaq-jquery-ajax-search'>\n\n\t<label class='ewd-ufaq-field-label' for='ewd-ufaq-text-search'>\n\t\tEnter your question:\n\t<\/label>\n\n\t\n\t<div class=\"search-field\">\n\t\t<input\n\t\t\tid='ewd-ufaq-text-search'\n\t\t\ttype='search'\n\t\t\tclass='ewd-ufaq-text-input'\n\t\t\tplaceholder='Enter your question...'\n\t\t\tvalue='' \/>\n\t\t<button type=\"button\" class=\"clear-field\" data-state=\"hidden\">x<\/button>\n\t<\/div>\n\n\t<label for='ewd-ufaq-search-submit'><\/label>\n\n<input type='button' id='ewd-ufaq-ajax-search-submit' name='Search' value='Search'>\n<\/div><div  class=\"ewd-ufaq-faq-list ewd-ufaq-page-type-load_more ewd-ufaq-search\" id='ewd-ufaq-faq-list'>\n\n\t<input type='hidden' name='show_on_load' value='Yes' id='ewd-ufaq-show-on-load' \/>\n<input type='hidden' name='include_category' value='relapse' id='ewd-ufaq-include-category' \/>\n<input type='hidden' name='exclude_category' value='' id='ewd-ufaq-exclude-category' \/>\n<input type='hidden' name='orderby' value='date' id='ewd-ufaq-orderby' \/>\n<input type='hidden' name='order' value='ASC' id='ewd-ufaq-order' \/>\n<input type='hidden' name='post_count' value='-1' id='ewd-ufaq-post-count' \/>\n<input type='hidden' name='current_url' value='\/lt\/wp-json\/wp\/v2\/pages\/175' id='ewd-ufaq-current-url' \/>\n\t\n\t\n\t<div class='ewd-ufaq-faqs'>\n\n\t\t<div  class=\"ewd-ufaq-faq-div ewd-ufaq-faq-column-count-one ewd-ufaq-faq-responsive-columns- ewd-ufaq-faq-display-style-default ewd-ufaq-can-be-toggled\" id='ewd-ufaq-post-1066-U1U64EWouk' data-post_id='1066'>\n\n\t<div class='ewd-ufaq-faq-title ewd-ufaq-faq-toggle'>\n\t\n\t<a class='ewd-ufaq-post-margin'  href='#' role=\"button\">\n\n\t\t<div class='ewd-ufaq-post-margin-symbol ewd-ufaq-'>\n\t\t\t<span >a<\/span>\n\t\t<\/div>\n\n\t\t<div class='ewd-ufaq-faq-title-text'>\n\n\t\t\t<h4>\n\t\t\t\tKokie yra atkry\u010dio po\u017eymiai?\t\t\t<\/h4>\n\n\t\t<\/div>\n\n\t\t<div class='ewd-ufaq-clear'><\/div>\n\n\t<\/a>\n\t\n<\/div>\n\t\n\t<div class='ewd-ufaq-faq-body ewd-ufaq-hidden' >\n\n\t\t\n\t\t\t\n\t\t\n\t\t\t<div class='ewd-ufaq-post-margin ewd-ufaq-faq-post'>\n\t<p>Atkry\u010dio po\u017eymiai yra kulno tempimas, nugaros lenkimo praradimas, koj\u0173 pir\u0161t\u0173 vaik\u0161\u010diojimas, priekin\u0117s p\u0117dos pasisukimas, dinami\u0161kas vaik\u0161tan\u010di\u0173 vaik\u0173 supinavimas arba staigus bat\u0173 ir strypo netoleravimas d\u0117l p\u0117dos pasikeitimo.<\/p><\/div>\n\t\t\n\t\t\t\n\t\t\n\t\t\t\n\t\t\n\t\t\t\n\t\t\n\t\t\t\n\t\t\n\t\t\t\n\t\t\n\t\t\t\n\t\t\n\t\t\t\n\t\t\n\t\t\t\n\t\t\n\t<\/div>\n\n<\/div><div  class=\"ewd-ufaq-faq-div ewd-ufaq-faq-column-count-one ewd-ufaq-faq-responsive-columns- ewd-ufaq-faq-display-style-default ewd-ufaq-can-be-toggled\" id='ewd-ufaq-post-1067-ifB9D2HLrS' data-post_id='1067'>\n\n\t<div class='ewd-ufaq-faq-title ewd-ufaq-faq-toggle'>\n\t\n\t<a class='ewd-ufaq-post-margin'  href='#' role=\"button\">\n\n\t\t<div class='ewd-ufaq-post-margin-symbol ewd-ufaq-'>\n\t\t\t<span >a<\/span>\n\t\t<\/div>\n\n\t\t<div class='ewd-ufaq-faq-title-text'>\n\n\t\t\t<h4>\n\t\t\t\tKaip t\u0117vai gali steb\u0117ti atkryt\u012f?\t\t\t<\/h4>\n\n\t\t<\/div>\n\n\t\t<div class='ewd-ufaq-clear'><\/div>\n\n\t<\/a>\n\t\n<\/div>\n\t\n\t<div class='ewd-ufaq-faq-body ewd-ufaq-hidden' >\n\n\t\t\n\t\t\t\n\t\t\n\t\t\t<div class='ewd-ufaq-post-margin ewd-ufaq-faq-post'>\n\t<p>Jei kartu su vaiku laikot\u0117s tempimo rutinos, tai gali b\u016bti puikus b\u016bdas patikrinti vaiko p\u0117das, ar n\u0117ra atkry\u010dio po\u017eymi\u0173. Jei pastebite, kad suma\u017e\u0117jo judesi\u0173 diapazonas ar lankstumas, tai gali b\u016bti atkry\u010dio po\u017eymis ir svarbu tai aptarti su paslaug\u0173 teik\u0117ju. Jei neturite tempimo rutinos, taip pat galite greitai patikrinti vaiko judrum\u0105 prie\u0161 u\u017esid\u0117dami BNB prie\u0161 mieg\u0105. Taip pat galite steb\u0117ti bet kokius vaiko vaik\u0161\u010diojimo poky\u010dius. Pavyzd\u017eiui, jei pradedate vaik\u0161\u010dioti koj\u0173 pir\u0161tais, tai gali b\u016bti atkry\u010dio po\u017eymis ir svarbu pasitarti su gydytoju. T\u0117vai yra pirmoji gynybos linija nuo atkry\u010dio, nes jie da\u017eniausiai b\u016bna su savo vaikais ir pasteb\u0117s poky\u010dius, jei jie \u012fvykt\u0173.<\/p><\/div>\n\t\t\n\t\t\t\n\t\t\n\t\t\t\n\t\t\n\t\t\t\n\t\t\n\t\t\t\n\t\t\n\t\t\t\n\t\t\n\t\t\t\n\t\t\n\t\t\t\n\t\t\n\t\t\t\n\t\t\n\t<\/div>\n\n<\/div><div  class=\"ewd-ufaq-faq-div ewd-ufaq-faq-column-count-one ewd-ufaq-faq-responsive-columns- ewd-ufaq-faq-display-style-default ewd-ufaq-can-be-toggled\" id='ewd-ufaq-post-1068-kyXTuWY11R' data-post_id='1068'>\n\n\t<div class='ewd-ufaq-faq-title ewd-ufaq-faq-toggle'>\n\t\n\t<a class='ewd-ufaq-post-margin'  href='#' role=\"button\">\n\n\t\t<div class='ewd-ufaq-post-margin-symbol ewd-ufaq-'>\n\t\t\t<span >a<\/span>\n\t\t<\/div>\n\n\t\t<div class='ewd-ufaq-faq-title-text'>\n\n\t\t\t<h4>\n\t\t\t\tKas yra dorsifleksija?\t\t\t<\/h4>\n\n\t\t<\/div>\n\n\t\t<div class='ewd-ufaq-clear'><\/div>\n\n\t<\/a>\n\t\n<\/div>\n\t\n\t<div class='ewd-ufaq-faq-body ewd-ufaq-hidden' >\n\n\t\t\n\t\t\t\n\t\t\n\t\t\t<div class='ewd-ufaq-post-margin ewd-ufaq-faq-post'>\n\t<p>Dorsifleksija yra rankos ar p\u0117dos lenkimas atgal ir susitraukimas. Tai j\u016bs\u0173 p\u0117dos prat\u0119simas ties kulk\u0161nies ir rankos ties rie\u0161e. Nugarin\u0117 fleksija atsiranda kulk\u0161nies srityje, kai traukiate koj\u0173 pir\u0161tus atgal link blauzd\u0173. Taip pat galite sulenkti p\u0117d\u0105, pakeldami p\u0117dos rutul\u012f nuo \u017eem\u0117s stov\u0117dami, laikydami kuln\u0105 \u012fsmeig\u0119 \u012f \u017eem\u0119.<\/p><\/div>\n\t\t\n\t\t\t\n\t\t\n\t\t\t\n\t\t\n\t\t\t\n\t\t\n\t\t\t\n\t\t\n\t\t\t\n\t\t\n\t\t\t\n\t\t\n\t\t\t\n\t\t\n\t\t\t\n\t\t\n\t<\/div>\n\n<\/div><div  class=\"ewd-ufaq-faq-div ewd-ufaq-faq-column-count-one ewd-ufaq-faq-responsive-columns- ewd-ufaq-faq-display-style-default ewd-ufaq-can-be-toggled\" id='ewd-ufaq-post-1069-pJ4c84BVtB' data-post_id='1069'>\n\n\t<div class='ewd-ufaq-faq-title ewd-ufaq-faq-toggle'>\n\t\n\t<a class='ewd-ufaq-post-margin'  href='#' role=\"button\">\n\n\t\t<div class='ewd-ufaq-post-margin-symbol ewd-ufaq-'>\n\t\t\t<span >a<\/span>\n\t\t<\/div>\n\n\t\t<div class='ewd-ufaq-faq-title-text'>\n\n\t\t\t<h4>\n\t\t\t\tKaip gydome atsinaujinusi\u0105 plok\u0161\u010diap\u0117dyst\u0119?\t\t\t<\/h4>\n\n\t\t<\/div>\n\n\t\t<div class='ewd-ufaq-clear'><\/div>\n\n\t<\/a>\n\t\n<\/div>\n\t\n\t<div class='ewd-ufaq-faq-body ewd-ufaq-hidden' >\n\n\t\t\n\t\t\t\n\t\t\n\t\t\t<div class='ewd-ufaq-post-margin ewd-ufaq-faq-post'>\n\t<p>\u0160leivap\u0117dyst\u0117s atkry\u010dio gydymas paprastai apima 2\u20133 tempimo gipsus ir, jei raumuo per stiprus, kad i\u0161vengt\u0173 atkry\u010dio ateityje, sausgysli\u0173 perk\u0117limo operacija, kai vaikui sukanka 2,5 met\u0173.<\/p><\/div>\n\t\t\n\t\t\t\n\t\t\n\t\t\t\n\t\t\n\t\t\t\n\t\t\n\t\t\t\n\t\t\n\t\t\t\n\t\t\n\t\t\t\n\t\t\n\t\t\t\n\t\t\n\t\t\t\n\t\t\n\t<\/div>\n\n<\/div><div  class=\"ewd-ufaq-faq-div ewd-ufaq-faq-column-count-one ewd-ufaq-faq-responsive-columns- ewd-ufaq-faq-display-style-default ewd-ufaq-can-be-toggled\" id='ewd-ufaq-post-1070-VOZBe7OYLo' data-post_id='1070'>\n\n\t<div class='ewd-ufaq-faq-title ewd-ufaq-faq-toggle'>\n\t\n\t<a class='ewd-ufaq-post-margin'  href='#' role=\"button\">\n\n\t\t<div class='ewd-ufaq-post-margin-symbol ewd-ufaq-'>\n\t\t\t<span >a<\/span>\n\t\t<\/div>\n\n\t\t<div class='ewd-ufaq-faq-title-text'>\n\n\t\t\t<h4>\n\t\t\t\tAr yra tipi\u0161kas laikotarpis, kai \u012fvyks atkrytis?\t\t\t<\/h4>\n\n\t\t<\/div>\n\n\t\t<div class='ewd-ufaq-clear'><\/div>\n\n\t<\/a>\n\t\n<\/div>\n\t\n\t<div class='ewd-ufaq-faq-body ewd-ufaq-hidden' >\n\n\t\t\n\t\t\t\n\t\t\n\t\t\t<div class='ewd-ufaq-post-margin ewd-ufaq-faq-post'>\n\t<p>Beveik visi atkry\u010diai \u012fvyksta palaikomojoje gydymo faz\u0117je (\u012ftvarai). Recidyvai da\u017eniausiai pasirei\u0161kia sulaukus 1 ar 2 met\u0173, kai kaul\u0117jimas yra labiau pa\u017eeng\u0119s. Recidyvai b\u016bna reti po 5 ir itin reti po 7.<\/p><\/div>\n\t\t\n\t\t\t\n\t\t\n\t\t\t\n\t\t\n\t\t\t\n\t\t\n\t\t\t\n\t\t\n\t\t\t\n\t\t\n\t\t\t\n\t\t\n\t\t\t\n\t\t\n\t\t\t\n\t\t\n\t<\/div>\n\n<\/div><div  class=\"ewd-ufaq-faq-div ewd-ufaq-faq-column-count-one ewd-ufaq-faq-responsive-columns- ewd-ufaq-faq-display-style-default ewd-ufaq-can-be-toggled\" id='ewd-ufaq-post-1071-In6cA7xNNW' data-post_id='1071'>\n\n\t<div class='ewd-ufaq-faq-title ewd-ufaq-faq-toggle'>\n\t\n\t<a class='ewd-ufaq-post-margin'  href='#' role=\"button\">\n\n\t\t<div class='ewd-ufaq-post-margin-symbol ewd-ufaq-'>\n\t\t\t<span >a<\/span>\n\t\t<\/div>\n\n\t\t<div class='ewd-ufaq-faq-title-text'>\n\n\t\t\t<h4>\n\t\t\t\tKas yra kaul\u0117jimas?\t\t\t<\/h4>\n\n\t\t<\/div>\n\n\t\t<div class='ewd-ufaq-clear'><\/div>\n\n\t<\/a>\n\t\n<\/div>\n\t\n\t<div class='ewd-ufaq-faq-body ewd-ufaq-hidden' >\n\n\t\t\n\t\t\t\n\t\t\n\t\t\t<div class='ewd-ufaq-post-margin ewd-ufaq-faq-post'>\n\t<p>Kaul\u0117jimas yra nat\u016bralus kaul\u0173 formavimosi procesas.<\/p><\/div>\n\t\t\n\t\t\t\n\t\t\n\t\t\t\n\t\t\n\t\t\t\n\t\t\n\t\t\t\n\t\t\n\t\t\t\n\t\t\n\t\t\t\n\t\t\n\t\t\t\n\t\t\n\t\t\t\n\t\t\n\t<\/div>\n\n<\/div><div  class=\"ewd-ufaq-faq-div ewd-ufaq-faq-column-count-one ewd-ufaq-faq-responsive-columns- ewd-ufaq-faq-display-style-default ewd-ufaq-can-be-toggled\" id='ewd-ufaq-post-1072-Z3SikN2mL4' data-post_id='1072'>\n\n\t<div class='ewd-ufaq-faq-title ewd-ufaq-faq-toggle'>\n\t\n\t<a class='ewd-ufaq-post-margin'  href='#' role=\"button\">\n\n\t\t<div class='ewd-ufaq-post-margin-symbol ewd-ufaq-'>\n\t\t\t<span >a<\/span>\n\t\t<\/div>\n\n\t\t<div class='ewd-ufaq-faq-title-text'>\n\n\t\t\t<h4>\n\t\t\t\tAr galime k\u0105 nors padaryti, kad i\u0161vengtume atkry\u010dio?\t\t\t<\/h4>\n\n\t\t<\/div>\n\n\t\t<div class='ewd-ufaq-clear'><\/div>\n\n\t<\/a>\n\t\n<\/div>\n\t\n\t<div class='ewd-ufaq-faq-body ewd-ufaq-hidden' >\n\n\t\t\n\t\t\t\n\t\t\n\t\t\t<div class='ewd-ufaq-post-margin ewd-ufaq-faq-post'>\n\t<p>Tinkamas breket\u0173 ne\u0161iojimas trejus ar ketverius metus yra svarbiausia gydymo dalis siekiant suma\u017einti atkryt\u012f. Neteisingas bat\u0173 ir stryp\u0173 d\u0117v\u0117jimas arba nepakankamas laikas BNB nei\u0161laikys pakoreguotos p\u0117dos pad\u0117ties, nes kaulai nesukaul\u0117ja iki ketveri\u0173 met\u0173 am\u017eiaus.<\/p><\/div>\n\t\t\n\t\t\t\n\t\t\n\t\t\t\n\t\t\n\t\t\t\n\t\t\n\t\t\t\n\t\t\n\t\t\t\n\t\t\n\t\t\t\n\t\t\n\t\t\t\n\t\t\n\t\t\t\n\t\t\n\t<\/div>\n\n<\/div><div  class=\"ewd-ufaq-faq-div ewd-ufaq-faq-column-count-one ewd-ufaq-faq-responsive-columns- ewd-ufaq-faq-display-style-default ewd-ufaq-can-be-toggled\" id='ewd-ufaq-post-1073-ZdHUpuN7EN' data-post_id='1073'>\n\n\t<div class='ewd-ufaq-faq-title ewd-ufaq-faq-toggle'>\n\t\n\t<a class='ewd-ufaq-post-margin'  href='#' role=\"button\">\n\n\t\t<div class='ewd-ufaq-post-margin-symbol ewd-ufaq-'>\n\t\t\t<span >a<\/span>\n\t\t<\/div>\n\n\t\t<div class='ewd-ufaq-faq-title-text'>\n\n\t\t\t<h4>\n\t\t\t\tKas yra recidyvas?\t\t\t<\/h4>\n\n\t\t<\/div>\n\n\t\t<div class='ewd-ufaq-clear'><\/div>\n\n\t<\/a>\n\t\n<\/div>\n\t\n\t<div class='ewd-ufaq-faq-body ewd-ufaq-hidden' >\n\n\t\t\n\t\t\t\n\t\t\n\t\t\t<div class='ewd-ufaq-post-margin ewd-ufaq-faq-post'>\n\t<p>Kai raumenys ir sausgysl\u0117s vidin\u0117je p\u0117dos ir blauzdos pus\u0117je yra stipresni ir patraukite p\u0117d\u0105 atgal \u012f \u0161leivap\u0117dos pad\u0117t\u012f. Neteisingas BNB naudojimas, taip pat augimo \u0161uolis arba raumen\u0173 ir rai\u0161\u010di\u0173 problemos gali sukelti atkry\u010dius.<\/p><\/div>\n\t\t\n\t\t\t\n\t\t\n\t\t\t\n\t\t\n\t\t\t\n\t\t\n\t\t\t\n\t\t\n\t\t\t\n\t\t\n\t\t\t\n\t\t\n\t\t\t\n\t\t\n\t\t\t\n\t\t\n\t<\/div>\n\n<\/div>\n\t<\/div>\n\n\t\n<\/div>\n<p>[\/et_pb_text][\/et_pb_column][\/et_pb_row][\/et_pb_section][et_pb_section fb_built=&#8221;1&#8243; _builder_version=&#8221;4.16&#8243; _module_preset=&#8221;default&#8221; background_color=&#8221;#F7F7F7&#8243; global_colors_info=&#8221;{}&#8221; global_module=&#8221;1330&#8243; theme_builder_area=&#8221;post_content&#8221;][et_pb_row _builder_version=&#8221;4.16&#8243; _module_preset=&#8221;default&#8221; locked=&#8221;off&#8221; global_colors_info=&#8221;{}&#8221; theme_builder_area=&#8221;post_content&#8221;][et_pb_column type=&#8221;4_4&#8243; _builder_version=&#8221;4.16&#8243; _module_preset=&#8221;default&#8221; global_colors_info=&#8221;{}&#8221; theme_builder_area=&#8221;post_content&#8221;][et_pb_text _builder_version=&#8221;4.16&#8243; _module_preset=&#8221;default&#8221; text_orientation=&#8221;center&#8221; max_width=&#8221;910px&#8221; module_alignment=&#8221;center&#8221; global_colors_info=&#8221;{}&#8221; theme_builder_area=&#8221;post_content&#8221;]<\/p>\n<h2>Neradote atsakymo, kurio ie\u0161kojote?<\/h2>\n<p>[\/et_pb_text][et_pb_text _builder_version=&#8221;4.16&#8243; _module_preset=&#8221;c0513d6b-bf65-4fa0-aad5-e004ab481f15&#8243; text_orientation=&#8221;center&#8221; module_alignment=&#8221;center&#8221; global_colors_info=&#8221;{}&#8221; theme_builder_area=&#8221;post_content&#8221;]<\/p>\n<p>Pra\u0161ome atsi\u0173sti mums \u017einut\u0119 ir mes su jumis susisieksime. <\/p>\n<p>[\/et_pb_text][\/et_pb_column][\/et_pb_row][et_pb_row _builder_version=&#8221;4.16&#8243; _module_preset=&#8221;default&#8221; max_width=&#8221;900px&#8221; custom_margin=&#8221;45px||||false|false&#8221; global_colors_info=&#8221;{}&#8221; theme_builder_area=&#8221;post_content&#8221;][et_pb_column type=&#8221;4_4&#8243; _builder_version=&#8221;4.16&#8243; _module_preset=&#8221;default&#8221; global_colors_info=&#8221;{}&#8221; theme_builder_area=&#8221;post_content&#8221;][dsm_contact_form_7 show_validation=&#8221;on&#8221; _builder_version=&#8221;4.16&#8243; _module_preset=&#8221;default&#8221; global_colors_info=&#8221;{}&#8221; button_one_bg_enable_color__hover=&#8221;on&#8221; theme_builder_area=&#8221;post_content&#8221;][\/dsm_contact_form_7][\/et_pb_column][\/et_pb_row][\/et_pb_section]<\/p>","protected":false},"excerpt":{"rendered":"<p>A What is a relapse? When the muscles and tendons on the inside of the foot and calf are stronger and pull the foot back into a clubfoot position. Incorrect use of the BNB as well as growth spurts or muscle and ligament issues may cause relapses.<\/p>","protected":false},"author":4,"featured_media":0,"parent":169,"menu_order":0,"comment_status":"closed","ping_status":"closed","template":"","meta":{"_et_pb_use_builder":"on","_et_pb_old_content":"","_et_gb_content_width":"","spay_email":"","footnotes":""},"class_list":["post-175","page","type-page","status-publish","hentry"],"yoast_head":"<!-- This site is optimized with the Yoast SEO plugin v18.8 - https:\/\/yoast.com\/wordpress\/plugins\/seo\/ -->\n<title>Relapse - Canadian Clubfoot Support Society<\/title>\n<meta name=\"robots\" content=\"index, follow, max-snippet:-1, max-image-preview:large, max-video-preview:-1\" \/>\n<link rel=\"canonical\" href=\"https:\/\/clubfoot.ca\/lt\/resources\/faq\/relapse\/\" \/>\n<meta property=\"og:locale\" content=\"lt_LT\" \/>\n<meta property=\"og:type\" content=\"article\" \/>\n<meta property=\"og:title\" content=\"Relapse - Canadian Clubfoot Support Society\" \/>\n<meta property=\"og:description\" content=\"A What is a relapse? When the muscles and tendons on the inside of the foot and calf are stronger and pull the foot back into a clubfoot position. Incorrect use of the BNB as well as growth spurts or muscle and ligament issues may cause relapses.\" \/>\n<meta property=\"og:url\" content=\"https:\/\/clubfoot.ca\/lt\/resources\/faq\/relapse\/\" \/>\n<meta property=\"og:site_name\" content=\"Canadian Clubfoot Support Society\" \/>\n<meta property=\"article:publisher\" content=\"https:\/\/www.facebook.com\/clubfoot.ca\" \/>\n<meta property=\"article:modified_time\" content=\"2022-05-09T16:59:43+00:00\" \/>\n<meta property=\"og:image\" content=\"https:\/\/i0.wp.com\/clubfoot.ca\/wp-content\/uploads\/2022\/05\/52719_Canadian-Clubfoot-Support-Society_logo_J_04-scaled.jpg?fit=2560%2C1463&#038;ssl=1\" \/>\n\t<meta property=\"og:image:width\" content=\"2560\" \/>\n\t<meta property=\"og:image:height\" content=\"1463\" \/>\n\t<meta property=\"og:image:type\" content=\"image\/jpeg\" \/>\n<meta name=\"twitter:card\" content=\"summary_large_image\" \/>\n<meta name=\"twitter:site\" content=\"@clubfootcanada\" \/>\n<script type=\"application\/ld+json\" class=\"yoast-schema-graph\">{\"@context\":\"https:\/\/schema.org\",\"@graph\":[{\"@type\":\"Organization\",\"@id\":\"https:\/\/clubfoot.ca\/#organization\",\"name\":\"Canadian Clubfoot Support Society\",\"url\":\"https:\/\/clubfoot.ca\/\",\"sameAs\":[\"https:\/\/www.facebook.com\/clubfoot.ca\",\"https:\/\/www.instagram.com\/clubfoot.ca\/?hl=en\",\"https:\/\/www.linkedin.com\/company\/canadian-clubfoot-support-society\/\",\"https:\/\/twitter.com\/clubfootcanada\"],\"logo\":{\"@type\":\"ImageObject\",\"inLanguage\":\"lt-LT\",\"@id\":\"https:\/\/clubfoot.ca\/#\/schema\/logo\/image\/\",\"url\":\"https:\/\/clubfoot.ca\/wp-content\/uploads\/2022\/05\/ccss_logo_colour_sm.webp\",\"contentUrl\":\"https:\/\/clubfoot.ca\/wp-content\/uploads\/2022\/05\/ccss_logo_colour_sm.webp\",\"width\":200,\"height\":188,\"caption\":\"Canadian Clubfoot Support Society\"},\"image\":{\"@id\":\"https:\/\/clubfoot.ca\/#\/schema\/logo\/image\/\"}},{\"@type\":\"WebSite\",\"@id\":\"https:\/\/clubfoot.ca\/#website\",\"url\":\"https:\/\/clubfoot.ca\/\",\"name\":\"Canadian Clubfoot Support Society\",\"description\":\"A site for parents, by parents\",\"publisher\":{\"@id\":\"https:\/\/clubfoot.ca\/#organization\"},\"potentialAction\":[{\"@type\":\"SearchAction\",\"target\":{\"@type\":\"EntryPoint\",\"urlTemplate\":\"https:\/\/clubfoot.ca\/?s={search_term_string}\"},\"query-input\":\"required name=search_term_string\"}],\"inLanguage\":\"lt-LT\"},{\"@type\":\"WebPage\",\"@id\":\"https:\/\/clubfoot.ca\/resources\/faq\/relapse\/#webpage\",\"url\":\"https:\/\/clubfoot.ca\/resources\/faq\/relapse\/\",\"name\":\"Relapse - Canadian Clubfoot Support Society\",\"isPartOf\":{\"@id\":\"https:\/\/clubfoot.ca\/#website\"},\"datePublished\":\"2021-10-08T18:02:01+00:00\",\"dateModified\":\"2022-05-09T16:59:43+00:00\",\"breadcrumb\":{\"@id\":\"https:\/\/clubfoot.ca\/resources\/faq\/relapse\/#breadcrumb\"},\"inLanguage\":\"lt-LT\",\"potentialAction\":[{\"@type\":\"ReadAction\",\"target\":[\"https:\/\/clubfoot.ca\/resources\/faq\/relapse\/\"]}]},{\"@type\":\"BreadcrumbList\",\"@id\":\"https:\/\/clubfoot.ca\/resources\/faq\/relapse\/#breadcrumb\",\"itemListElement\":[{\"@type\":\"ListItem\",\"position\":1,\"name\":\"Home\",\"item\":\"https:\/\/clubfoot.ca\/\"},{\"@type\":\"ListItem\",\"position\":2,\"name\":\"Resources\",\"item\":\"https:\/\/clubfoot.ca\/fr\/resources\/\"},{\"@type\":\"ListItem\",\"position\":3,\"name\":\"Treatment Questions Answered\",\"item\":\"https:\/\/clubfoot.ca\/fr\/resources\/faq\/\"},{\"@type\":\"ListItem\",\"position\":4,\"name\":\"Relapse\"}]}]}<\/script>\n<!-- \/ Yoast SEO plugin. -->","yoast_head_json":{"title":"Relapse - Canadian Clubfoot Support Society","robots":{"index":"index","follow":"follow","max-snippet":"max-snippet:-1","max-image-preview":"max-image-preview:large","max-video-preview":"max-video-preview:-1"},"canonical":"https:\/\/clubfoot.ca\/lt\/resources\/faq\/relapse\/","og_locale":"lt_LT","og_type":"article","og_title":"Relapse - Canadian Clubfoot Support Society","og_description":"A What is a relapse? When the muscles and tendons on the inside of the foot and calf are stronger and pull the foot back into a clubfoot position. Incorrect use of the BNB as well as growth spurts or muscle and ligament issues may cause relapses.","og_url":"https:\/\/clubfoot.ca\/lt\/resources\/faq\/relapse\/","og_site_name":"Canadian Clubfoot Support Society","article_publisher":"https:\/\/www.facebook.com\/clubfoot.ca","article_modified_time":"2022-05-09T16:59:43+00:00","og_image":[{"width":2560,"height":1463,"url":"https:\/\/i0.wp.com\/clubfoot.ca\/wp-content\/uploads\/2022\/05\/52719_Canadian-Clubfoot-Support-Society_logo_J_04-scaled.jpg?fit=2560%2C1463&ssl=1","type":"image\/jpeg"}],"twitter_card":"summary_large_image","twitter_site":"@clubfootcanada","schema":{"@context":"https:\/\/schema.org","@graph":[{"@type":"Organization","@id":"https:\/\/clubfoot.ca\/#organization","name":"Canadian Clubfoot Support Society","url":"https:\/\/clubfoot.ca\/","sameAs":["https:\/\/www.facebook.com\/clubfoot.ca","https:\/\/www.instagram.com\/clubfoot.ca\/?hl=en","https:\/\/www.linkedin.com\/company\/canadian-clubfoot-support-society\/","https:\/\/twitter.com\/clubfootcanada"],"logo":{"@type":"ImageObject","inLanguage":"lt-LT","@id":"https:\/\/clubfoot.ca\/#\/schema\/logo\/image\/","url":"https:\/\/clubfoot.ca\/wp-content\/uploads\/2022\/05\/ccss_logo_colour_sm.webp","contentUrl":"https:\/\/clubfoot.ca\/wp-content\/uploads\/2022\/05\/ccss_logo_colour_sm.webp","width":200,"height":188,"caption":"Canadian Clubfoot Support Society"},"image":{"@id":"https:\/\/clubfoot.ca\/#\/schema\/logo\/image\/"}},{"@type":"WebSite","@id":"https:\/\/clubfoot.ca\/#website","url":"https:\/\/clubfoot.ca\/","name":"Canadian Clubfoot Support Society","description":"A site for parents, by parents","publisher":{"@id":"https:\/\/clubfoot.ca\/#organization"},"potentialAction":[{"@type":"SearchAction","target":{"@type":"EntryPoint","urlTemplate":"https:\/\/clubfoot.ca\/?s={search_term_string}"},"query-input":"required name=search_term_string"}],"inLanguage":"lt-LT"},{"@type":"WebPage","@id":"https:\/\/clubfoot.ca\/resources\/faq\/relapse\/#webpage","url":"https:\/\/clubfoot.ca\/resources\/faq\/relapse\/","name":"Relapse - Canadian Clubfoot Support Society","isPartOf":{"@id":"https:\/\/clubfoot.ca\/#website"},"datePublished":"2021-10-08T18:02:01+00:00","dateModified":"2022-05-09T16:59:43+00:00","breadcrumb":{"@id":"https:\/\/clubfoot.ca\/resources\/faq\/relapse\/#breadcrumb"},"inLanguage":"lt-LT","potentialAction":[{"@type":"ReadAction","target":["https:\/\/clubfoot.ca\/resources\/faq\/relapse\/"]}]},{"@type":"BreadcrumbList","@id":"https:\/\/clubfoot.ca\/resources\/faq\/relapse\/#breadcrumb","itemListElement":[{"@type":"ListItem","position":1,"name":"Home","item":"https:\/\/clubfoot.ca\/"},{"@type":"ListItem","position":2,"name":"Resources","item":"https:\/\/clubfoot.ca\/fr\/resources\/"},{"@type":"ListItem","position":3,"name":"Treatment Questions Answered","item":"https:\/\/clubfoot.ca\/fr\/resources\/faq\/"},{"@type":"ListItem","position":4,"name":"Relapse"}]}]}},"_links":{"self":[{"href":"https:\/\/clubfoot.ca\/lt\/wp-json\/wp\/v2\/pages\/175","targetHints":{"allow":["GET"]}}],"collection":[{"href":"https:\/\/clubfoot.ca\/lt\/wp-json\/wp\/v2\/pages"}],"about":[{"href":"https:\/\/clubfoot.ca\/lt\/wp-json\/wp\/v2\/types\/page"}],"author":[{"embeddable":true,"href":"https:\/\/clubfoot.ca\/lt\/wp-json\/wp\/v2\/users\/4"}],"replies":[{"embeddable":true,"href":"https:\/\/clubfoot.ca\/lt\/wp-json\/wp\/v2\/comments?post=175"}],"version-history":[{"count":0,"href":"https:\/\/clubfoot.ca\/lt\/wp-json\/wp\/v2\/pages\/175\/revisions"}],"up":[{"embeddable":true,"href":"https:\/\/clubfoot.ca\/lt\/wp-json\/wp\/v2\/pages\/169"}],"wp:attachment":[{"href":"https:\/\/clubfoot.ca\/lt\/wp-json\/wp\/v2\/media?parent=175"}],"curies":[{"name":"wp","href":"https:\/\/api.w.org\/{rel}","templated":true}]}}