{"id":328,"date":"2021-11-30T12:46:55","date_gmt":"2021-11-30T17:46:55","guid":{"rendered":"https:\/\/clubfoot.ca\/?page_id=328"},"modified":"2022-04-12T11:07:00","modified_gmt":"2022-04-12T15:07:00","slug":"video-library","status":"publish","type":"page","link":"https:\/\/clubfoot.ca\/tr\/resources\/video-library\/","title":{"rendered":"Videolar"},"content":{"rendered":"<p>[et_pb_section fb_built=&#8221;1&#8243; _builder_version=&#8221;4.16&#8243; _module_preset=&#8221;default&#8221; background_color=&#8221;#F7F7F7&#8243; background_color_gradient_direction=&#8221;90deg&#8221; background_color_gradient_start=&#8221;#eeeeee&#8221; background_color_gradient_end=&#8221;rgba(0,0,0,0)&#8221; background_image=&#8221;https:\/\/clubfoot.ca\/wp-content\/uploads\/2022\/02\/family-watching-videos-on-laptop.jpg&#8221; background_last_edited=&#8221;on|tablet&#8221; use_background_color_gradient_tablet=&#8221;on&#8221; background_color_gradient_stops_tablet=&#8221;rgba(238,238,238,0.85) 0%|rgba(238,238,238,0.85) 100%&#8221; background_color_gradient_overlays_image_tablet=&#8221;on&#8221; background_color_gradient_start_tablet=&#8221;rgba(238,238,238,0.85)&#8221; background_color_gradient_end_tablet=&#8221;rgba(238,238,238,0.85)&#8221; custom_css_main_element=&#8221;background-position: 50% 55%;&#8221; global_colors_info=&#8221;{}&#8221;][et_pb_row column_structure=&#8221;1_2,1_2&#8243; _builder_version=&#8221;4.16&#8243; _module_preset=&#8221;default&#8221; global_colors_info=&#8221;{}&#8221;][et_pb_column type=&#8221;1_2&#8243; _builder_version=&#8221;4.16&#8243; _module_preset=&#8221;default&#8221; global_colors_info=&#8221;{}&#8221; custom_css_main_element_last_edited=&#8221;on|tablet&#8221; custom_css_main_element_tablet=&#8221;margin-bottom: 0;&#8221; custom_css_main_element_phone=&#8221;margin-bottom: 0;&#8221;][et_pb_text _builder_version=&#8221;4.16&#8243; _module_preset=&#8221;default&#8221; max_width=&#8221;300px&#8221; max_width_tablet=&#8221;100%&#8221; max_width_phone=&#8221;&#8221; max_width_last_edited=&#8221;on|tablet&#8221; custom_margin=&#8221;|||-38px|false|false&#8221; custom_padding=&#8221;|||30px|false|false&#8221; border_width_left=&#8221;8px&#8221; border_color_left=&#8221;#42FFC9&#8243; global_colors_info=&#8221;{}&#8221;]<\/p>\n<h1>Videolar<\/h1>\n<p>[\/et_pb_text][\/et_pb_column][et_pb_column type=&#8221;1_2&#8243; disabled_on=&#8221;on|on|off&#8221; _builder_version=&#8221;4.16&#8243; _module_preset=&#8221;default&#8221; global_colors_info=&#8221;{}&#8221;][\/et_pb_column][\/et_pb_row][et_pb_row _builder_version=&#8221;4.16&#8243; _module_preset=&#8221;default&#8221; custom_margin=&#8221;45px||||false|false&#8221; global_colors_info=&#8221;{}&#8221;][et_pb_column type=&#8221;4_4&#8243; _builder_version=&#8221;4.16&#8243; _module_preset=&#8221;default&#8221; global_colors_info=&#8221;{}&#8221;][dsm_breadcrumbs _builder_version=&#8221;4.16&#8243; _module_preset=&#8221;default&#8221; home_icon_font_size_tablet=&#8221;&#8221; home_icon_font_size_phone=&#8221;0px&#8221; home_icon_font_size_last_edited=&#8221;on|phone&#8221; global_colors_info=&#8221;{}&#8221;][\/dsm_breadcrumbs][\/et_pb_column][\/et_pb_row][\/et_pb_section][et_pb_section fb_built=&#8221;1&#8243; _builder_version=&#8221;4.16&#8243; _module_preset=&#8221;default&#8221; global_colors_info=&#8221;{}&#8221;][et_pb_row column_structure=&#8221;1_2,1_2&#8243; make_equal=&#8221;on&#8221; module_class=&#8221;align-items-center&#8221; _builder_version=&#8221;4.16&#8243; _module_preset=&#8221;default&#8221; global_colors_info=&#8221;{}&#8221;][et_pb_column type=&#8221;1_2&#8243; _builder_version=&#8221;4.16&#8243; _module_preset=&#8221;default&#8221; custom_padding=&#8221;|5%|||false|false&#8221; custom_padding_tablet=&#8221;|0%|||false|false&#8221; custom_padding_phone=&#8221;&#8221; custom_padding_last_edited=&#8221;on|tablet&#8221; global_colors_info=&#8221;{}&#8221;][et_pb_text _builder_version=&#8221;4.17.0&#8243; _module_preset=&#8221;default&#8221; hover_enabled=&#8221;0&#8243; global_colors_info=&#8221;{}&#8221; sticky_enabled=&#8221;0&#8243;]<\/p>\n<h3>Ponseti \u00c7arp\u0131k Ayak Tedavisi D\u00fcnya \u00c7ap\u0131nda \u2013 Belgesel<\/h3>\n<p>Her \u00fc\u00e7 dakikada bir bebek \u00e7arp\u0131k ayakla do\u011far. \u00c7arp\u0131k ayak tedavi edilmezse \u00f6m\u00fcr boyu fiziksel sakatl\u0131\u011fa neden olabilir. Bunlar, Ponseti \u00e7arp\u0131k ayak tedavi y\u00f6ntemini kullanan d\u00fcnyan\u0131n her yerinden insanlar\u0131n hikayeleridir.<\/p>\n<p>[\/et_pb_text][\/et_pb_column][et_pb_column type=&#8221;1_2&#8243; _builder_version=&#8221;4.16&#8243; _module_preset=&#8221;default&#8221; global_colors_info=&#8221;{}&#8221;][et_pb_video src=&#8221;https:\/\/www.youtube.com\/watch?v=u4VfjIWnhQY&#8221; image_src=&#8221;\/\/i.ytimg.com\/vi\/u4VfjIWnhQY\/hqdefault.jpg&#8221; _builder_version=&#8221;4.16&#8243; _module_preset=&#8221;default&#8221; global_colors_info=&#8221;{}&#8221;][\/et_pb_video][\/et_pb_column][\/et_pb_row][\/et_pb_section][et_pb_section fb_built=&#8221;1&#8243; _builder_version=&#8221;4.16&#8243; _module_preset=&#8221;default&#8221; background_color=&#8221;#F7F7F7&#8243; global_colors_info=&#8221;{}&#8221;][et_pb_row column_structure=&#8221;1_2,1_2&#8243; make_equal=&#8221;on&#8221; module_class=&#8221;align-items-center&#8221; _builder_version=&#8221;4.16&#8243; _module_preset=&#8221;default&#8221; global_colors_info=&#8221;{}&#8221;][et_pb_column type=&#8221;1_2&#8243; _builder_version=&#8221;4.16&#8243; _module_preset=&#8221;default&#8221; custom_padding=&#8221;|5%|||false|false&#8221; custom_padding_tablet=&#8221;|0%|||false|false&#8221; custom_padding_phone=&#8221;&#8221; custom_padding_last_edited=&#8221;on|tablet&#8221; global_colors_info=&#8221;{}&#8221;][et_pb_text _builder_version=&#8221;4.16&#8243; _module_preset=&#8221;default&#8221; global_colors_info=&#8221;{}&#8221;]<\/p>\n<h3>Ponseti Metodu: \u00c7arp\u0131k Ayak Tedavisi<\/h3>\n<p>Dr. Ignacio Ponseti&#039;nin \u00f6nc\u00fc \u00e7al\u0131\u015fmas\u0131n\u0131n ve PEV i\u00e7in bir tedavi geli\u015ftirmesinin ve \u00fc\u00e7\u00fcnc\u00fc d\u00fcnya \u00fclkelerinde kullan\u0131m\u0131n\u0131n bir a\u00e7\u0131klamas\u0131.<\/p>\n<p>[\/et_pb_text][\/et_pb_column][et_pb_column type=&#8221;1_2&#8243; _builder_version=&#8221;4.16&#8243; _module_preset=&#8221;default&#8221; global_colors_info=&#8221;{}&#8221;][et_pb_video src=&#8221;https:\/\/www.youtube.com\/watch?v=nosFwRyLWeA&#8221; image_src=&#8221;\/\/i.ytimg.com\/vi\/nosFwRyLWeA\/hqdefault.jpg&#8221; _builder_version=&#8221;4.16&#8243; _module_preset=&#8221;default&#8221; global_colors_info=&#8221;{}&#8221;][\/et_pb_video][\/et_pb_column][\/et_pb_row][\/et_pb_section][et_pb_section fb_built=&#8221;1&#8243; _builder_version=&#8221;4.16&#8243; _module_preset=&#8221;default&#8221; global_colors_info=&#8221;{}&#8221;][et_pb_row column_structure=&#8221;1_2,1_2&#8243; make_equal=&#8221;on&#8221; module_class=&#8221;align-items-center&#8221; _builder_version=&#8221;4.16&#8243; _module_preset=&#8221;default&#8221; global_colors_info=&#8221;{}&#8221;][et_pb_column type=&#8221;1_2&#8243; _builder_version=&#8221;4.16&#8243; _module_preset=&#8221;default&#8221; custom_padding=&#8221;|5%|||false|false&#8221; custom_padding_tablet=&#8221;|0%|||false|false&#8221; custom_padding_phone=&#8221;&#8221; custom_padding_last_edited=&#8221;on|tablet&#8221; global_colors_info=&#8221;{}&#8221;][et_pb_text _builder_version=&#8221;4.16&#8243; _module_preset=&#8221;default&#8221; global_colors_info=&#8221;{}&#8221;]<\/p>\n<h3>Ortak sorunlar<\/h3>\n<p>Dorsum (ayak \u00fcst\u00fc) cilt tahri\u015fi, \u00e7arp\u0131k ayakl\u0131 \u00e7ocuklarda g\u00f6r\u00fclebilen yayg\u0131n bir sorundur. Cildi daha fazla tahri\u015ften korumak i\u00e7in orta kay\u0131\u015fta bir bask\u0131 eyeri kullan\u0131lmas\u0131 yayg\u0131nd\u0131r. Yumru ayaklar\u0131 olan \u00e7ocuklar, ayn\u0131 zamanda, parantezlerin ve gerdirmenin sonucu olan ve \u00e7ocuklar b\u00fcy\u00fcd\u00fck\u00e7e \u00e7\u00f6z\u00fclen kabar\u0131k bir s\u0131rt ve ayakta buru\u015fuk cilt ya\u015fayabilirler.<\/p>\n<p>[\/et_pb_text][\/et_pb_column][et_pb_column type=&#8221;1_2&#8243; _builder_version=&#8221;4.16&#8243; _module_preset=&#8221;default&#8221; global_colors_info=&#8221;{}&#8221;][et_pb_video src=&#8221;https:\/\/www.youtube.com\/watch?v=cefOf97KAYM&#8221; image_src=&#8221;\/\/i.ytimg.com\/vi\/cefOf97KAYM\/hqdefault.jpg&#8221; _builder_version=&#8221;4.16&#8243; _module_preset=&#8221;default&#8221; global_colors_info=&#8221;{}&#8221;][\/et_pb_video][\/et_pb_column][\/et_pb_row][\/et_pb_section][et_pb_section fb_built=&#8221;1&#8243; _builder_version=&#8221;4.16&#8243; _module_preset=&#8221;default&#8221; background_color=&#8221;#F7F7F7&#8243; global_colors_info=&#8221;{}&#8221;][et_pb_row _builder_version=&#8221;4.16&#8243; _module_preset=&#8221;default&#8221; global_colors_info=&#8221;{}&#8221;][et_pb_column type=&#8221;4_4&#8243; _builder_version=&#8221;4.16&#8243; _module_preset=&#8221;default&#8221; global_colors_info=&#8221;{}&#8221;][et_pb_text _builder_version=&#8221;4.16&#8243; _module_preset=&#8221;default&#8221; global_colors_info=&#8221;{}&#8221;]<\/p>\n<h2>germe<\/h2>\n<p>[\/et_pb_text][\/et_pb_column][\/et_pb_row][et_pb_row column_structure=&#8221;1_2,1_2&#8243; make_equal=&#8221;on&#8221; _builder_version=&#8221;4.16&#8243; _module_preset=&#8221;default&#8221; custom_margin=&#8221;45px||||false|false&#8221; global_colors_info=&#8221;{}&#8221;][et_pb_column type=&#8221;1_2&#8243; _builder_version=&#8221;4.16&#8243; _module_preset=&#8221;default&#8221; custom_padding=&#8221;|5%|||false|false&#8221; custom_padding_tablet=&#8221;|0%|||false|false&#8221; custom_padding_phone=&#8221;&#8221; custom_padding_last_edited=&#8221;on|tablet&#8221; global_colors_info=&#8221;{}&#8221;][et_pb_video src=&#8221;https:\/\/www.youtube.com\/watch?v=AfXcpsS8mqw&#8221; image_src=&#8221;\/\/i.ytimg.com\/vi\/AfXcpsS8mqw\/hqdefault.jpg&#8221; _builder_version=&#8221;4.16&#8243; _module_preset=&#8221;default&#8221; global_colors_info=&#8221;{}&#8221;][\/et_pb_video][et_pb_text _builder_version=&#8221;4.16&#8243; _module_preset=&#8221;default&#8221; global_colors_info=&#8221;{}&#8221;]<\/p>\n<h3>\u0130\u00e7 Kemer Stre\u00e7<\/h3>\n<p>\u0130\u00e7 kemer, aya\u011f\u0131n i\u00e7 bo\u015flu\u011funu a\u00e7ar. Bir elinizle ba\u015fparma\u011f\u0131n\u0131z ve i\u015faret parma\u011f\u0131n\u0131z aras\u0131nda topu\u011fu tutacaks\u0131n\u0131z. Di\u011fer ba\u015fparma\u011f\u0131n\u0131z\u0131 ba\u015fparma\u011fa do\u011fru nazik\u00e7e germek i\u00e7in kullanacaks\u0131n\u0131z ve k\u0131r\u0131\u015f\u0131kl\u0131klar\u0131n a\u00e7\u0131ld\u0131\u011f\u0131n\u0131 g\u00f6receksiniz. Ba\u015fparma\u011fa ula\u015ft\u0131\u011f\u0131n\u0131zda, gerdirmeyi birka\u00e7 saniye tutabilir ve ard\u0131ndan her aya\u011f\u0131n\u0131zda birka\u00e7 kez tekrarlayabilirsiniz.<\/p>\n<p>[\/et_pb_text][\/et_pb_column][et_pb_column type=&#8221;1_2&#8243; _builder_version=&#8221;4.16&#8243; _module_preset=&#8221;default&#8221; custom_padding=&#8221;|5%|||false|false&#8221; custom_padding_tablet=&#8221;|0%|||false|false&#8221; custom_padding_phone=&#8221;&#8221; custom_padding_last_edited=&#8221;on|tablet&#8221; global_colors_info=&#8221;{}&#8221;][et_pb_video src=&#8221;https:\/\/www.youtube.com\/watch?v=9FOqVi8Z538&#8243; image_src=&#8221;\/\/i.ytimg.com\/vi\/9FOqVi8Z538\/hqdefault.jpg&#8221; _builder_version=&#8221;4.16&#8243; _module_preset=&#8221;default&#8221; global_colors_info=&#8221;{}&#8221;][\/et_pb_video][et_pb_text _builder_version=&#8221;4.16&#8243; _module_preset=&#8221;default&#8221; global_colors_info=&#8221;{}&#8221;]<\/p>\n<h3>Topuk Kordonu Stre\u00e7<\/h3>\n<p>Bu esneme, topuk kordonunu baca\u011f\u0131n arkas\u0131na germek i\u00e7indir. \u0130lk elinizle baca\u011f\u0131n arkas\u0131n\u0131 tutun ve ba\u015fparma\u011f\u0131n\u0131z\u0131 topu\u011fun arkas\u0131na yerle\u015ftirin. Topuk kemi\u011fini hissedene kadar ba\u015fparma\u011f\u0131n\u0131z\u0131 topuk kordonundan a\u015fa\u011f\u0131 kayd\u0131r\u0131n. Di\u011fer elinizle aya\u011f\u0131 alacak ve yukar\u0131 ve yana do\u011fru uzanacaks\u0131n\u0131z. Bu uzatmay\u0131 yirmi saniyeye kadar tutabilirsiniz. Aya\u011f\u0131n\u0131z\u0131n kayd\u0131\u011f\u0131n\u0131 hissediyorsan\u0131z, kendinizi yeniden konumland\u0131rabilir ve yeniden ba\u015flayabilirsiniz.<\/p>\n<p>[\/et_pb_text][\/et_pb_column][\/et_pb_row][et_pb_row column_structure=&#8221;1_2,1_2&#8243; make_equal=&#8221;on&#8221; _builder_version=&#8221;4.16&#8243; _module_preset=&#8221;default&#8221; custom_margin=&#8221;45px||||false|false&#8221; global_colors_info=&#8221;{}&#8221;][et_pb_column type=&#8221;1_2&#8243; _builder_version=&#8221;4.16&#8243; _module_preset=&#8221;default&#8221; custom_padding=&#8221;|5%|||false|false&#8221; custom_padding_tablet=&#8221;|0%|||false|false&#8221; custom_padding_phone=&#8221;&#8221; custom_padding_last_edited=&#8221;on|tablet&#8221; global_colors_info=&#8221;{}&#8221;][et_pb_video src=&#8221;https:\/\/www.youtube.com\/watch?v=sF9AupChJhs&#8221; image_src=&#8221;\/\/i.ytimg.com\/vi\/sF9AupChJhs\/hqdefault.jpg&#8221; _builder_version=&#8221;4.16&#8243; _module_preset=&#8221;default&#8221; global_colors_info=&#8221;{}&#8221;][\/et_pb_video][et_pb_text _builder_version=&#8221;4.16&#8243; _module_preset=&#8221;default&#8221; global_colors_info=&#8221;{}&#8221;]<\/p>\n<h3>ka\u00e7\u0131rma<\/h3>\n<p>Bu \u00e7arp\u0131k ayak uzant\u0131lar\u0131, tedavinin canland\u0131rma a\u015famas\u0131nda \u00e7ocu\u011funuza yard\u0131mc\u0131 olmak i\u00e7in gereklidir.<\/p>\n<p>[\/et_pb_text][\/et_pb_column][et_pb_column type=&#8221;1_2&#8243; _builder_version=&#8221;4.16&#8243; _module_preset=&#8221;default&#8221; custom_padding=&#8221;|5%|||false|false&#8221; custom_padding_tablet=&#8221;|0%|||false|false&#8221; custom_padding_phone=&#8221;&#8221; custom_padding_last_edited=&#8221;on|tablet&#8221; global_colors_info=&#8221;{}&#8221;][et_pb_video src=&#8221;https:\/\/www.youtube.com\/watch?v=KeX06cie1pA&#8221; image_src=&#8221;\/\/i.ytimg.com\/vi\/KeX06cie1pA\/hqdefault.jpg&#8221; _builder_version=&#8221;4.16&#8243; _module_preset=&#8221;default&#8221; global_colors_info=&#8221;{}&#8221;][\/et_pb_video][et_pb_text _builder_version=&#8221;4.16&#8243; _module_preset=&#8221;default&#8221; global_colors_info=&#8221;{}&#8221;]<\/p>\n<h3>Daha B\u00fcy\u00fck \u00c7ocuklar \u0130\u00e7in Aktiviteler<\/h3>\n<p>Bu egzersizler \u00e7arp\u0131k ayak\/talip ile do\u011fan \u00e7ocuklar i\u00e7in ayaklar\u0131n\u0131 g\u00fc\u00e7l\u00fc ve esnek tutmak i\u00e7in tasarlanm\u0131\u015ft\u0131r.<\/p>\n<p>[\/et_pb_text][\/et_pb_column][\/et_pb_row][\/et_pb_section][et_pb_section fb_built=&#8221;1&#8243; _builder_version=&#8221;4.16&#8243; _module_preset=&#8221;default&#8221; custom_padding=&#8221;30px||30px||false|false&#8221; global_colors_info=&#8221;{}&#8221;][et_pb_row _builder_version=&#8221;4.16&#8243; _module_preset=&#8221;default&#8221; global_colors_info=&#8221;{}&#8221;][et_pb_column type=&#8221;4_4&#8243; _builder_version=&#8221;4.16&#8243; _module_preset=&#8221;default&#8221; global_colors_info=&#8221;{}&#8221;][et_pb_text _builder_version=&#8221;4.16&#8243; _module_preset=&#8221;2d51a5f4-fdf0-46ae-8429-0e8164c4f2a5&#8243; global_colors_info=&#8221;{}&#8221;]<\/p>\n<p>Not: Kanada \u00c7arp\u0131k Ayak Destek Derne\u011fi, herhangi bir endi\u015feniz varsa doktorunuza dan\u0131\u015fman\u0131z\u0131 \u00f6nerir. Bu web sitesinde verilen bilgiler sadece bilgilendirme ama\u00e7l\u0131d\u0131r.<\/p>\n<p>[\/et_pb_text][\/et_pb_column][\/et_pb_row][\/et_pb_section]<\/p>","protected":false},"excerpt":{"rendered":"<p>Videolar<div class=\"et_pb_module dsm_breadcrumbs dsm_breadcrumbs_0\">\n\t\t\t\t\n\t\t\t\t\n\t\t\t\t\n\t\t\t\t\n\t\t\t\t\n\t\t\t\t\n\t\t\t\t<div class=\"et_pb_module_inner\">\n\t\t\t\t\t<nav class=\"dsm_breadcrumbs_wrap\" role=\"navigation\" itemscope=\"\" itemtype=\"http:\/\/schema.org\/SiteNavigationElement\">\n\t\t\t\t<ul class=\"dsm_breadcrumbs\">\n\t\t\t<li class='dsm_breadcrumbs_item dsm_home_item dsm_home_item_custom'>\n\t\t\t\t<a href=\"https:\/\/clubfoot.ca\/tr\" itemprop=\"url\">\n\t\t\t\t\t<span class='dsm_home_text_wrapper'>\n\t\t\t\t\t\t\t\t\t\t\t\t\t<span class=\"et-pb-icon dsm_home_icon\">\ue009<\/span>\n\t\t\t\t\t\t\t\t\t\t\t\t\t<span class=\"dsm_home_text\" itemprop=\"name\">\n\t\t\t\t\t\t\t\tAnasayfa\t\t\t\t\t\t\t<\/span>\n\t\t\t\t\t<\/span>\n\t\t\t\t<\/a>\n\t\t\t<\/li>\n\n\t\t<li class=\"dsm_breadcrumbs_separator\"> <span class=\"et-pb-icon dsm_separator_icon\">5<\/span><\/li><\/ul>\n\t\t\t<\/nav>\n\t\t\t\t<\/div>\n\t\t\t<\/div>Ponseti Clubfoot Treatment Worldwide \u2013 Documentary Every three minutes a baby is born with clubfoot. If left untreated, clubfoot can lead to a lifetime of physical disability. These are the stories from people around the world using the Ponseti clubfoot treatment method.The Ponseti Method: The Treatment of Clubfoot [&hellip;]<\/p>","protected":false},"author":4,"featured_media":0,"parent":327,"menu_order":0,"comment_status":"closed","ping_status":"closed","template":"","meta":{"_et_pb_use_builder":"on","_et_pb_old_content":"","_et_gb_content_width":"","spay_email":"","footnotes":""},"class_list":["post-328","page","type-page","status-publish","hentry"],"yoast_head":"<!-- This site is optimized with the Yoast SEO plugin v18.8 - https:\/\/yoast.com\/wordpress\/plugins\/seo\/ -->\n<title>Video Library - Canadian Clubfoot Support Society<\/title>\n<meta name=\"robots\" content=\"index, follow, max-snippet:-1, max-image-preview:large, max-video-preview:-1\" \/>\n<link rel=\"canonical\" href=\"https:\/\/clubfoot.ca\/tr\/resources\/video-library\/\" \/>\n<meta property=\"og:locale\" content=\"tr_TR\" \/>\n<meta property=\"og:type\" content=\"article\" \/>\n<meta property=\"og:title\" content=\"Video Library - Canadian Clubfoot Support Society\" \/>\n<meta property=\"og:description\" content=\"Video LibraryPonseti Clubfoot Treatment Worldwide \u2013 Documentary Every three minutes a baby is born with clubfoot. If left untreated, clubfoot can lead to a lifetime of physical disability. These are the stories from people around the world using the Ponseti clubfoot treatment method.The Ponseti Method: The Treatment of Clubfoot [&hellip;]\" \/>\n<meta property=\"og:url\" content=\"https:\/\/clubfoot.ca\/tr\/resources\/video-library\/\" \/>\n<meta property=\"og:site_name\" content=\"Canadian Clubfoot Support Society\" \/>\n<meta property=\"article:publisher\" content=\"https:\/\/www.facebook.com\/clubfoot.ca\" \/>\n<meta property=\"article:modified_time\" content=\"2022-04-12T15:07:00+00:00\" \/>\n<meta property=\"og:image\" content=\"https:\/\/i0.wp.com\/clubfoot.ca\/wp-content\/uploads\/2022\/05\/52719_Canadian-Clubfoot-Support-Society_logo_J_04-scaled.jpg?fit=2560%2C1463&#038;ssl=1\" \/>\n\t<meta property=\"og:image:width\" content=\"2560\" \/>\n\t<meta property=\"og:image:height\" content=\"1463\" \/>\n\t<meta property=\"og:image:type\" content=\"image\/jpeg\" \/>\n<meta name=\"twitter:card\" content=\"summary_large_image\" \/>\n<meta name=\"twitter:site\" content=\"@clubfootcanada\" \/>\n<script type=\"application\/ld+json\" class=\"yoast-schema-graph\">{\"@context\":\"https:\/\/schema.org\",\"@graph\":[{\"@type\":\"Organization\",\"@id\":\"https:\/\/clubfoot.ca\/#organization\",\"name\":\"Canadian Clubfoot Support Society\",\"url\":\"https:\/\/clubfoot.ca\/\",\"sameAs\":[\"https:\/\/www.facebook.com\/clubfoot.ca\",\"https:\/\/www.instagram.com\/clubfoot.ca\/?hl=en\",\"https:\/\/www.linkedin.com\/company\/canadian-clubfoot-support-society\/\",\"https:\/\/twitter.com\/clubfootcanada\"],\"logo\":{\"@type\":\"ImageObject\",\"inLanguage\":\"tr\",\"@id\":\"https:\/\/clubfoot.ca\/#\/schema\/logo\/image\/\",\"url\":\"https:\/\/clubfoot.ca\/wp-content\/uploads\/2022\/05\/ccss_logo_colour_sm.webp\",\"contentUrl\":\"https:\/\/clubfoot.ca\/wp-content\/uploads\/2022\/05\/ccss_logo_colour_sm.webp\",\"width\":200,\"height\":188,\"caption\":\"Canadian Clubfoot Support Society\"},\"image\":{\"@id\":\"https:\/\/clubfoot.ca\/#\/schema\/logo\/image\/\"}},{\"@type\":\"WebSite\",\"@id\":\"https:\/\/clubfoot.ca\/#website\",\"url\":\"https:\/\/clubfoot.ca\/\",\"name\":\"Canadian Clubfoot Support Society\",\"description\":\"A site for parents, by parents\",\"publisher\":{\"@id\":\"https:\/\/clubfoot.ca\/#organization\"},\"potentialAction\":[{\"@type\":\"SearchAction\",\"target\":{\"@type\":\"EntryPoint\",\"urlTemplate\":\"https:\/\/clubfoot.ca\/?s={search_term_string}\"},\"query-input\":\"required name=search_term_string\"}],\"inLanguage\":\"tr\"},{\"@type\":\"WebPage\",\"@id\":\"https:\/\/clubfoot.ca\/fr\/resources\/video-library\/#webpage\",\"url\":\"https:\/\/clubfoot.ca\/fr\/resources\/video-library\/\",\"name\":\"Video Library - Canadian Clubfoot Support Society\",\"isPartOf\":{\"@id\":\"https:\/\/clubfoot.ca\/#website\"},\"datePublished\":\"2021-11-30T17:46:55+00:00\",\"dateModified\":\"2022-04-12T15:07:00+00:00\",\"breadcrumb\":{\"@id\":\"https:\/\/clubfoot.ca\/fr\/resources\/video-library\/#breadcrumb\"},\"inLanguage\":\"tr\",\"potentialAction\":[{\"@type\":\"ReadAction\",\"target\":[\"https:\/\/clubfoot.ca\/fr\/resources\/video-library\/\"]}]},{\"@type\":\"BreadcrumbList\",\"@id\":\"https:\/\/clubfoot.ca\/fr\/resources\/video-library\/#breadcrumb\",\"itemListElement\":[{\"@type\":\"ListItem\",\"position\":1,\"name\":\"Home\",\"item\":\"https:\/\/clubfoot.ca\/\"},{\"@type\":\"ListItem\",\"position\":2,\"name\":\"Resources\",\"item\":\"https:\/\/clubfoot.ca\/fr\/resources\/\"},{\"@type\":\"ListItem\",\"position\":3,\"name\":\"Video Library\"}]}]}<\/script>\n<!-- \/ Yoast SEO plugin. -->","yoast_head_json":{"title":"Video Library - Canadian Clubfoot Support Society","robots":{"index":"index","follow":"follow","max-snippet":"max-snippet:-1","max-image-preview":"max-image-preview:large","max-video-preview":"max-video-preview:-1"},"canonical":"https:\/\/clubfoot.ca\/tr\/resources\/video-library\/","og_locale":"tr_TR","og_type":"article","og_title":"Video Library - Canadian Clubfoot Support Society","og_description":"Video LibraryPonseti Clubfoot Treatment Worldwide \u2013 Documentary Every three minutes a baby is born with clubfoot. If left untreated, clubfoot can lead to a lifetime of physical disability. These are the stories from people around the world using the Ponseti clubfoot treatment method.The Ponseti Method: The Treatment of Clubfoot [&hellip;]","og_url":"https:\/\/clubfoot.ca\/tr\/resources\/video-library\/","og_site_name":"Canadian Clubfoot Support Society","article_publisher":"https:\/\/www.facebook.com\/clubfoot.ca","article_modified_time":"2022-04-12T15:07:00+00:00","og_image":[{"width":2560,"height":1463,"url":"https:\/\/i0.wp.com\/clubfoot.ca\/wp-content\/uploads\/2022\/05\/52719_Canadian-Clubfoot-Support-Society_logo_J_04-scaled.jpg?fit=2560%2C1463&ssl=1","type":"image\/jpeg"}],"twitter_card":"summary_large_image","twitter_site":"@clubfootcanada","schema":{"@context":"https:\/\/schema.org","@graph":[{"@type":"Organization","@id":"https:\/\/clubfoot.ca\/#organization","name":"Canadian Clubfoot Support Society","url":"https:\/\/clubfoot.ca\/","sameAs":["https:\/\/www.facebook.com\/clubfoot.ca","https:\/\/www.instagram.com\/clubfoot.ca\/?hl=en","https:\/\/www.linkedin.com\/company\/canadian-clubfoot-support-society\/","https:\/\/twitter.com\/clubfootcanada"],"logo":{"@type":"ImageObject","inLanguage":"tr","@id":"https:\/\/clubfoot.ca\/#\/schema\/logo\/image\/","url":"https:\/\/clubfoot.ca\/wp-content\/uploads\/2022\/05\/ccss_logo_colour_sm.webp","contentUrl":"https:\/\/clubfoot.ca\/wp-content\/uploads\/2022\/05\/ccss_logo_colour_sm.webp","width":200,"height":188,"caption":"Canadian Clubfoot Support Society"},"image":{"@id":"https:\/\/clubfoot.ca\/#\/schema\/logo\/image\/"}},{"@type":"WebSite","@id":"https:\/\/clubfoot.ca\/#website","url":"https:\/\/clubfoot.ca\/","name":"Canadian Clubfoot Support Society","description":"A site for parents, by parents","publisher":{"@id":"https:\/\/clubfoot.ca\/#organization"},"potentialAction":[{"@type":"SearchAction","target":{"@type":"EntryPoint","urlTemplate":"https:\/\/clubfoot.ca\/?s={search_term_string}"},"query-input":"required name=search_term_string"}],"inLanguage":"tr"},{"@type":"WebPage","@id":"https:\/\/clubfoot.ca\/fr\/resources\/video-library\/#webpage","url":"https:\/\/clubfoot.ca\/fr\/resources\/video-library\/","name":"Video Library - Canadian Clubfoot Support Society","isPartOf":{"@id":"https:\/\/clubfoot.ca\/#website"},"datePublished":"2021-11-30T17:46:55+00:00","dateModified":"2022-04-12T15:07:00+00:00","breadcrumb":{"@id":"https:\/\/clubfoot.ca\/fr\/resources\/video-library\/#breadcrumb"},"inLanguage":"tr","potentialAction":[{"@type":"ReadAction","target":["https:\/\/clubfoot.ca\/fr\/resources\/video-library\/"]}]},{"@type":"BreadcrumbList","@id":"https:\/\/clubfoot.ca\/fr\/resources\/video-library\/#breadcrumb","itemListElement":[{"@type":"ListItem","position":1,"name":"Home","item":"https:\/\/clubfoot.ca\/"},{"@type":"ListItem","position":2,"name":"Resources","item":"https:\/\/clubfoot.ca\/fr\/resources\/"},{"@type":"ListItem","position":3,"name":"Video Library"}]}]}},"_links":{"self":[{"href":"https:\/\/clubfoot.ca\/tr\/wp-json\/wp\/v2\/pages\/328","targetHints":{"allow":["GET"]}}],"collection":[{"href":"https:\/\/clubfoot.ca\/tr\/wp-json\/wp\/v2\/pages"}],"about":[{"href":"https:\/\/clubfoot.ca\/tr\/wp-json\/wp\/v2\/types\/page"}],"author":[{"embeddable":true,"href":"https:\/\/clubfoot.ca\/tr\/wp-json\/wp\/v2\/users\/4"}],"replies":[{"embeddable":true,"href":"https:\/\/clubfoot.ca\/tr\/wp-json\/wp\/v2\/comments?post=328"}],"version-history":[{"count":0,"href":"https:\/\/clubfoot.ca\/tr\/wp-json\/wp\/v2\/pages\/328\/revisions"}],"up":[{"embeddable":true,"href":"https:\/\/clubfoot.ca\/tr\/wp-json\/wp\/v2\/pages\/327"}],"wp:attachment":[{"href":"https:\/\/clubfoot.ca\/tr\/wp-json\/wp\/v2\/media?parent=328"}],"curies":[{"name":"wp","href":"https:\/\/api.w.org\/{rel}","templated":true}]}}