{"id":352,"date":"2021-11-30T16:02:31","date_gmt":"2021-11-30T21:02:31","guid":{"rendered":"https:\/\/clubfoot.ca\/?page_id=352"},"modified":"2022-05-12T13:29:18","modified_gmt":"2022-05-12T17:29:18","slug":"start-a-fundraiser","status":"publish","type":"page","link":"https:\/\/clubfoot.ca\/tr\/get-involved\/start-a-fundraiser\/","title":{"rendered":"Bir Ba\u011f\u0131\u015f Kampanyas\u0131 ba\u015flat\u0131n"},"content":{"rendered":"<p>[et_pb_section fb_built=&#8221;1&#8243; module_class=&#8221;subpage-header&#8221; _builder_version=&#8221;4.16&#8243; _module_preset=&#8221;default&#8221; background_color=&#8221;#F7F7F7&#8243; use_background_color_gradient=&#8221;on&#8221; background_color_gradient_direction=&#8221;90deg&#8221; background_color_gradient_stops=&#8221;#eeeeee 0%|rgba(0,0,0,0) 100%&#8221; background_color_gradient_overlays_image=&#8221;on&#8221; background_color_gradient_start=&#8221;#eeeeee&#8221; background_color_gradient_end=&#8221;rgba(0,0,0,0)&#8221; background_image=&#8221;https:\/\/clubfoot.ca\/wp-content\/uploads\/2021\/11\/charity-run-fundraiser.jpg&#8221; background_last_edited=&#8221;on|tablet&#8221; use_background_color_gradient_tablet=&#8221;on&#8221; background_color_gradient_stops_tablet=&#8221;rgba(238,238,238,0.85) 0%|rgba(238,238,238,0.85) 100%&#8221; background_color_gradient_overlays_image_tablet=&#8221;on&#8221; background_color_gradient_start_tablet=&#8221;rgba(238,238,238,0.85)&#8221; background_color_gradient_end_tablet=&#8221;rgba(238,238,238,0.85)&#8221; custom_css_main_element=&#8221;background-position: 50% 50%;&#8221; global_colors_info=&#8221;{}&#8221;][et_pb_row column_structure=&#8221;1_2,1_2&#8243; _builder_version=&#8221;4.16&#8243; _module_preset=&#8221;default&#8221; global_colors_info=&#8221;{}&#8221;][et_pb_column type=&#8221;1_2&#8243; _builder_version=&#8221;4.16&#8243; _module_preset=&#8221;default&#8221; global_colors_info=&#8221;{}&#8221; custom_css_main_element_last_edited=&#8221;on|tablet&#8221; custom_css_main_element_tablet=&#8221;margin-bottom: 0;&#8221; custom_css_main_element_phone=&#8221;margin-bottom: 0;&#8221;][et_pb_text _builder_version=&#8221;4.16&#8243; _module_preset=&#8221;default&#8221; custom_margin=&#8221;|||-38px|false|false&#8221; custom_padding=&#8221;|||30px|false|false&#8221; border_width_left=&#8221;8px&#8221; border_color_left=&#8221;#42FFC9&#8243; global_colors_info=&#8221;{}&#8221;]<\/p>\n<h1>Bir Ba\u011f\u0131\u015f Kampanyas\u0131 ba\u015flat\u0131n<\/h1>\n<p>[\/et_pb_text][\/et_pb_column][et_pb_column type=&#8221;1_2&#8243; disabled_on=&#8221;on|on|off&#8221; _builder_version=&#8221;4.16&#8243; _module_preset=&#8221;default&#8221; global_colors_info=&#8221;{}&#8221;][\/et_pb_column][\/et_pb_row][et_pb_row _builder_version=&#8221;4.16&#8243; _module_preset=&#8221;default&#8221; custom_margin=&#8221;45px||||false|false&#8221; global_colors_info=&#8221;{}&#8221;][et_pb_column type=&#8221;4_4&#8243; _builder_version=&#8221;4.16&#8243; _module_preset=&#8221;default&#8221; global_colors_info=&#8221;{}&#8221;][dsm_breadcrumbs _builder_version=&#8221;4.16&#8243; _module_preset=&#8221;default&#8221; home_icon_font_size_tablet=&#8221;&#8221; home_icon_font_size_phone=&#8221;0px&#8221; home_icon_font_size_last_edited=&#8221;on|phone&#8221; global_colors_info=&#8221;{}&#8221;][\/dsm_breadcrumbs][\/et_pb_column][\/et_pb_row][\/et_pb_section][et_pb_section fb_built=&#8221;1&#8243; _builder_version=&#8221;4.17.3&#8243; _module_preset=&#8221;default&#8221; global_colors_info=&#8221;{}&#8221;][et_pb_row column_structure=&#8221;1_2,1_2&#8243; _builder_version=&#8221;4.16&#8243; _module_preset=&#8221;default&#8221; custom_margin=&#8221;||||false|false&#8221; global_colors_info=&#8221;{}&#8221;][et_pb_column type=&#8221;1_2&#8243; _builder_version=&#8221;4.16&#8243; _module_preset=&#8221;default&#8221; custom_padding=&#8221;|5%|||false|false&#8221; global_colors_info=&#8221;{}&#8221;][et_pb_slider show_arrows=&#8221;off&#8221; show_pagination=&#8221;off&#8221; _builder_version=&#8221;4.17.0&#8243; _module_preset=&#8221;default&#8221; header_font=&#8221;|700|||||||&#8221; header_text_align=&#8221;left&#8221; header_text_color=&#8221;#111111&#8243; header_font_size=&#8221;24px&#8221; background_color=&#8221;RGBA(0,0,0,0)&#8221; content_max_width=&#8221;100%&#8221; custom_padding=&#8221;0px|0px|0px|0px|false|false&#8221; auto=&#8221;on&#8221; auto_ignore_hover=&#8221;on&#8221; global_colors_info=&#8221;{}&#8221;][et_pb_slide heading=&#8221;Do you have a small business that is looking for ways to collaborate with a charity?&#8221; _builder_version=&#8221;4.17.0&#8243; _module_preset=&#8221;default&#8221; background_enable_color=&#8221;off&#8221; background_layout=&#8221;light&#8221; custom_padding=&#8221;0px|0px|0px|0px|false|false&#8221; global_colors_info=&#8221;{}&#8221; sticky_transition=&#8221;on&#8221;][\/et_pb_slide][et_pb_slide heading=&#8221;Are you looking to fundraise for a charity for your birthday or special event?&#8221; _builder_version=&#8221;4.16&#8243; _module_preset=&#8221;default&#8221; background_enable_color=&#8221;off&#8221; background_layout=&#8221;light&#8221; custom_padding=&#8221;0px|0px|0px|0px|false|false&#8221; global_colors_info=&#8221;{}&#8221; sticky_transition=&#8221;on&#8221;][\/et_pb_slide][et_pb_slide heading=&#8221;Do you have an opportunity or idea for a fundraiser in your community or online?&#8221; _builder_version=&#8221;4.16&#8243; _module_preset=&#8221;default&#8221; background_enable_color=&#8221;off&#8221; background_layout=&#8221;light&#8221; custom_padding=&#8221;0px|0px|0px|0px|false|false&#8221; global_colors_info=&#8221;{}&#8221; sticky_transition=&#8221;on&#8221;][\/et_pb_slide][\/et_pb_slider][et_pb_text _builder_version=&#8221;4.17.3&#8243; _module_preset=&#8221;default&#8221; hover_enabled=&#8221;0&#8243; global_colors_info=&#8221;{}&#8221; sticky_enabled=&#8221;0&#8243;]<\/p>\n<p>Kanada Yumru Ayak Destek Derne\u011fi, yeni ba\u011f\u0131\u015f toplama f\u0131rsatlar\u0131 i\u00e7in \u00fcyeler veya i\u015fletmelerle her zaman ortakl\u0131k kurmakla ilgilenir. L\u00fctfen bizimle ileti\u015fime ge\u00e7in ve daha fazla ayr\u0131nt\u0131 sa\u011flayabiliriz.<\/p>\n<p>\u00d6rne\u011fin, dernek, t\u00fcm k\u00e2rlar\u0131 do\u011frudan mevcut projelerimize aktaran t\u00fcm diki\u015f merakl\u0131lar\u0131 i\u00e7in benzersiz bir kuma\u015f tasarlamak \u00fczere Saskatchewan&#039;daki Blended Thread Fabrics ile ortakl\u0131k kurdu. Bu ba\u011f\u0131\u015f kampanyas\u0131 toplum i\u00e7in $1000&#039;den fazla para toplad\u0131 ve kuma\u015f Kanada ve d\u00fcnyay\u0131 dola\u015ft\u0131.<\/p>\n<p>Our number one personal fundraising initiative is the donations from people holding Fundraisers on Facebook. These fundraisers are easy to set up and all you must do is share!<\/p>\n<p>&nbsp;<\/p>\n<p><img decoding=\"async\" src=\"https:\/\/i0.wp.com\/clubfoot.ca\/wp-content\/uploads\/2022\/05\/Screen-Shot-2022-05-10-at-10.11.36-AM.png?resize=365%2C236&#038;ssl=1\" width=\"365\" height=\"236\" alt=\"\" class=\"wp-image-1492 alignnone size-medium\" data-recalc-dims=\"1\" \/><\/p>\n<p>&nbsp;<\/p>\n<p><strong>How Do I create a nonprofit fundraiser on Facebook?<\/strong><\/p>\n<div class=\"wDYxhc\" data-md=\"83\" lang=\"en-CA\">\n<div class=\"di3YZe\">\n<div class=\"RqBzHd\">\n<ol class=\"X5LH0c\">\n<li class=\"TrT0Xe\">On your iPhone or iPad, open the Facebook app.<\/li>\n<li class=\"TrT0Xe\">At the bottom right, tap Menu.<\/li>\n<li class=\"TrT0Xe\">Scroll to community resources<\/li>\n<li class=\"TrT0Xe\">Tap Fundraisers.<\/li>\n<li class=\"TrT0Xe\">Tap Raise money.<\/li>\n<li class=\"TrT0Xe\">Tap on the nonprofit or search in the search bar by name.<\/li>\n<li class=\"TrT0Xe\">Personalize your fundraiser with pictures and your story!<\/li>\n<li class=\"TrT0Xe\">At the top right, tap Create and Share!!<\/li>\n<\/ol>\n<\/div>\n<\/div>\n<\/div>\n<p><strong>On a desktop\/laptop<\/strong><strong><\/strong><\/p>\n<p><strong><\/strong><\/p>\n<ol>\n<li>Click on the Icon beside your name in the top right corner<\/li>\n<li><span style=\"font-size: 15px;\">Scroll and click on Fundraisers<\/span><\/li>\n<li>Click &#8220;Select Non-Profit&#8221;<span style=\"font-size: 15px;\"><\/span><\/li>\n<li>Select or search for Canadian Clubfoot Support Society<span style=\"font-size: 15px;\"><\/span><\/li>\n<li>On the left hand bar your can personalize your goals, reasons, story and photos!<\/li>\n<\/ol>\n<p>[\/et_pb_text][\/et_pb_column][et_pb_column type=&#8221;1_2&#8243; _builder_version=&#8221;4.16&#8243; _module_preset=&#8221;default&#8221; global_colors_info=&#8221;{}&#8221;][et_pb_text _builder_version=&#8221;4.16&#8243; _module_preset=&#8221;f35df8ee-25aa-42bd-a56c-a245747362c2&#8243; header_2_font_size=&#8221;24px&#8221; border_width_bottom=&#8221;1px&#8221; border_color_bottom=&#8221;#EEEEEE&#8221; locked=&#8221;off&#8221; global_colors_info=&#8221;{}&#8221;]<\/p>\n<h2>Al\u0131n <span class=\"font-heavy\">Dokunmak<\/span><\/h2>\n<p>[\/et_pb_text][dsm_contact_form_7 cf7_library=&#8221;363&#8243; _builder_version=&#8221;4.16&#8243; _module_preset=&#8221;default&#8221; global_colors_info=&#8221;{}&#8221;][\/dsm_contact_form_7][\/et_pb_column][\/et_pb_row][\/et_pb_section]<\/p>","protected":false},"excerpt":{"rendered":"<p>Bir Ba\u011f\u0131\u015f Kampanyas\u0131 ba\u015flat\u0131n<div class=\"et_pb_module dsm_breadcrumbs dsm_breadcrumbs_0\">\n\t\t\t\t\n\t\t\t\t\n\t\t\t\t\n\t\t\t\t\n\t\t\t\t\n\t\t\t\t\n\t\t\t\t<div class=\"et_pb_module_inner\">\n\t\t\t\t\t<nav class=\"dsm_breadcrumbs_wrap\" role=\"navigation\" itemscope=\"\" itemtype=\"http:\/\/schema.org\/SiteNavigationElement\">\n\t\t\t\t<ul class=\"dsm_breadcrumbs\">\n\t\t\t<li class='dsm_breadcrumbs_item dsm_home_item dsm_home_item_custom'>\n\t\t\t\t<a href=\"https:\/\/clubfoot.ca\/tr\" itemprop=\"url\">\n\t\t\t\t\t<span class='dsm_home_text_wrapper'>\n\t\t\t\t\t\t\t\t\t\t\t\t\t<span class=\"et-pb-icon dsm_home_icon\">\ue009<\/span>\n\t\t\t\t\t\t\t\t\t\t\t\t\t<span class=\"dsm_home_text\" itemprop=\"name\">\n\t\t\t\t\t\t\t\tAnasayfa\t\t\t\t\t\t\t<\/span>\n\t\t\t\t\t<\/span>\n\t\t\t\t<\/a>\n\t\t\t<\/li>\n\n\t\t<li class=\"dsm_breadcrumbs_separator\"> <span class=\"et-pb-icon dsm_separator_icon\">5<\/span><\/li><\/ul>\n\t\t\t<\/nav>\n\t\t\t\t<\/div>\n\t\t\t<\/div>The Canadian Clubfoot Support Society is always interested in partnering with members or businesses for new fundraising opportunities. Please contact us and we can provide further details. For example, the society has partnered with Blended Thread Fabrics in Saskatchewan to design a unique fabric for all sewing [&hellip;]<\/p>","protected":false},"author":4,"featured_media":1494,"parent":341,"menu_order":0,"comment_status":"closed","ping_status":"closed","template":"","meta":{"_et_pb_use_builder":"on","_et_pb_old_content":"","_et_gb_content_width":"","spay_email":"","footnotes":""},"class_list":["post-352","page","type-page","status-publish","has-post-thumbnail","hentry"],"yoast_head":"<!-- This site is optimized with the Yoast SEO plugin v18.8 - https:\/\/yoast.com\/wordpress\/plugins\/seo\/ -->\n<title>Start a Fundraiser - Canadian Clubfoot Support Society<\/title>\n<meta name=\"robots\" content=\"index, follow, max-snippet:-1, max-image-preview:large, max-video-preview:-1\" \/>\n<link rel=\"canonical\" href=\"https:\/\/clubfoot.ca\/tr\/get-involved\/start-a-fundraiser\/\" \/>\n<meta property=\"og:locale\" content=\"tr_TR\" \/>\n<meta property=\"og:type\" content=\"article\" \/>\n<meta property=\"og:title\" content=\"Start a Fundraiser - Canadian Clubfoot Support Society\" \/>\n<meta property=\"og:description\" content=\"Start a FundraiserThe Canadian Clubfoot Support Society is always interested in partnering with members or businesses for new fundraising opportunities. Please contact us and we can provide further details. For example, the society has partnered with Blended Thread Fabrics in Saskatchewan to design a unique fabric for all sewing [&hellip;]\" \/>\n<meta property=\"og:url\" content=\"https:\/\/clubfoot.ca\/tr\/get-involved\/start-a-fundraiser\/\" \/>\n<meta property=\"og:site_name\" content=\"Canadian Clubfoot Support Society\" \/>\n<meta property=\"article:publisher\" content=\"https:\/\/www.facebook.com\/clubfoot.ca\" \/>\n<meta property=\"article:modified_time\" content=\"2022-05-12T17:29:18+00:00\" \/>\n<meta property=\"og:image\" content=\"https:\/\/i0.wp.com\/clubfoot.ca\/wp-content\/uploads\/2022\/05\/Screen-Shot-2022-05-10-at-10.25.22-AM.png?fit=1116%2C604&#038;ssl=1\" \/>\n\t<meta property=\"og:image:width\" content=\"1116\" \/>\n\t<meta property=\"og:image:height\" content=\"604\" \/>\n\t<meta property=\"og:image:type\" content=\"image\/png\" \/>\n<meta name=\"twitter:card\" content=\"summary_large_image\" \/>\n<meta name=\"twitter:site\" content=\"@clubfootcanada\" \/>\n<meta name=\"twitter:label1\" content=\"Tahmini okuma s\u00fcresi\" \/>\n\t<meta name=\"twitter:data1\" content=\"3 dakika\" \/>\n<script type=\"application\/ld+json\" class=\"yoast-schema-graph\">{\"@context\":\"https:\/\/schema.org\",\"@graph\":[{\"@type\":\"Organization\",\"@id\":\"https:\/\/clubfoot.ca\/#organization\",\"name\":\"Canadian Clubfoot Support Society\",\"url\":\"https:\/\/clubfoot.ca\/\",\"sameAs\":[\"https:\/\/www.facebook.com\/clubfoot.ca\",\"https:\/\/www.instagram.com\/clubfoot.ca\/?hl=en\",\"https:\/\/www.linkedin.com\/company\/canadian-clubfoot-support-society\/\",\"https:\/\/twitter.com\/clubfootcanada\"],\"logo\":{\"@type\":\"ImageObject\",\"inLanguage\":\"tr\",\"@id\":\"https:\/\/clubfoot.ca\/#\/schema\/logo\/image\/\",\"url\":\"https:\/\/clubfoot.ca\/wp-content\/uploads\/2022\/05\/ccss_logo_colour_sm.webp\",\"contentUrl\":\"https:\/\/clubfoot.ca\/wp-content\/uploads\/2022\/05\/ccss_logo_colour_sm.webp\",\"width\":200,\"height\":188,\"caption\":\"Canadian Clubfoot Support Society\"},\"image\":{\"@id\":\"https:\/\/clubfoot.ca\/#\/schema\/logo\/image\/\"}},{\"@type\":\"WebSite\",\"@id\":\"https:\/\/clubfoot.ca\/#website\",\"url\":\"https:\/\/clubfoot.ca\/\",\"name\":\"Canadian Clubfoot Support Society\",\"description\":\"A site for parents, by parents\",\"publisher\":{\"@id\":\"https:\/\/clubfoot.ca\/#organization\"},\"potentialAction\":[{\"@type\":\"SearchAction\",\"target\":{\"@type\":\"EntryPoint\",\"urlTemplate\":\"https:\/\/clubfoot.ca\/?s={search_term_string}\"},\"query-input\":\"required name=search_term_string\"}],\"inLanguage\":\"tr\"},{\"@type\":\"ImageObject\",\"inLanguage\":\"tr\",\"@id\":\"https:\/\/clubfoot.ca\/fr\/get-involved\/start-a-fundraiser\/#primaryimage\",\"url\":\"https:\/\/i0.wp.com\/clubfoot.ca\/wp-content\/uploads\/2022\/05\/Screen-Shot-2022-05-10-at-10.25.22-AM.png?fit=1116%2C604&ssl=1\",\"contentUrl\":\"https:\/\/i0.wp.com\/clubfoot.ca\/wp-content\/uploads\/2022\/05\/Screen-Shot-2022-05-10-at-10.25.22-AM.png?fit=1116%2C604&ssl=1\",\"width\":1116,\"height\":604},{\"@type\":\"WebPage\",\"@id\":\"https:\/\/clubfoot.ca\/fr\/get-involved\/start-a-fundraiser\/#webpage\",\"url\":\"https:\/\/clubfoot.ca\/fr\/get-involved\/start-a-fundraiser\/\",\"name\":\"Start a Fundraiser - Canadian Clubfoot Support Society\",\"isPartOf\":{\"@id\":\"https:\/\/clubfoot.ca\/#website\"},\"primaryImageOfPage\":{\"@id\":\"https:\/\/clubfoot.ca\/fr\/get-involved\/start-a-fundraiser\/#primaryimage\"},\"datePublished\":\"2021-11-30T21:02:31+00:00\",\"dateModified\":\"2022-05-12T17:29:18+00:00\",\"breadcrumb\":{\"@id\":\"https:\/\/clubfoot.ca\/fr\/get-involved\/start-a-fundraiser\/#breadcrumb\"},\"inLanguage\":\"tr\",\"potentialAction\":[{\"@type\":\"ReadAction\",\"target\":[\"https:\/\/clubfoot.ca\/fr\/get-involved\/start-a-fundraiser\/\"]}]},{\"@type\":\"BreadcrumbList\",\"@id\":\"https:\/\/clubfoot.ca\/fr\/get-involved\/start-a-fundraiser\/#breadcrumb\",\"itemListElement\":[{\"@type\":\"ListItem\",\"position\":1,\"name\":\"Home\",\"item\":\"https:\/\/clubfoot.ca\/\"},{\"@type\":\"ListItem\",\"position\":2,\"name\":\"Get Involved\",\"item\":\"https:\/\/clubfoot.ca\/fr\/get-involved\/\"},{\"@type\":\"ListItem\",\"position\":3,\"name\":\"Start a Fundraiser\"}]}]}<\/script>\n<!-- \/ Yoast SEO plugin. -->","yoast_head_json":{"title":"Start a Fundraiser - Canadian Clubfoot Support Society","robots":{"index":"index","follow":"follow","max-snippet":"max-snippet:-1","max-image-preview":"max-image-preview:large","max-video-preview":"max-video-preview:-1"},"canonical":"https:\/\/clubfoot.ca\/tr\/get-involved\/start-a-fundraiser\/","og_locale":"tr_TR","og_type":"article","og_title":"Start a Fundraiser - Canadian Clubfoot Support Society","og_description":"Start a FundraiserThe Canadian Clubfoot Support Society is always interested in partnering with members or businesses for new fundraising opportunities. Please contact us and we can provide further details. For example, the society has partnered with Blended Thread Fabrics in Saskatchewan to design a unique fabric for all sewing [&hellip;]","og_url":"https:\/\/clubfoot.ca\/tr\/get-involved\/start-a-fundraiser\/","og_site_name":"Canadian Clubfoot Support Society","article_publisher":"https:\/\/www.facebook.com\/clubfoot.ca","article_modified_time":"2022-05-12T17:29:18+00:00","og_image":[{"width":1116,"height":604,"url":"https:\/\/i0.wp.com\/clubfoot.ca\/wp-content\/uploads\/2022\/05\/Screen-Shot-2022-05-10-at-10.25.22-AM.png?fit=1116%2C604&ssl=1","type":"image\/png"}],"twitter_card":"summary_large_image","twitter_site":"@clubfootcanada","twitter_misc":{"Tahmini okuma s\u00fcresi":"3 dakika"},"schema":{"@context":"https:\/\/schema.org","@graph":[{"@type":"Organization","@id":"https:\/\/clubfoot.ca\/#organization","name":"Canadian Clubfoot Support Society","url":"https:\/\/clubfoot.ca\/","sameAs":["https:\/\/www.facebook.com\/clubfoot.ca","https:\/\/www.instagram.com\/clubfoot.ca\/?hl=en","https:\/\/www.linkedin.com\/company\/canadian-clubfoot-support-society\/","https:\/\/twitter.com\/clubfootcanada"],"logo":{"@type":"ImageObject","inLanguage":"tr","@id":"https:\/\/clubfoot.ca\/#\/schema\/logo\/image\/","url":"https:\/\/clubfoot.ca\/wp-content\/uploads\/2022\/05\/ccss_logo_colour_sm.webp","contentUrl":"https:\/\/clubfoot.ca\/wp-content\/uploads\/2022\/05\/ccss_logo_colour_sm.webp","width":200,"height":188,"caption":"Canadian Clubfoot Support Society"},"image":{"@id":"https:\/\/clubfoot.ca\/#\/schema\/logo\/image\/"}},{"@type":"WebSite","@id":"https:\/\/clubfoot.ca\/#website","url":"https:\/\/clubfoot.ca\/","name":"Canadian Clubfoot Support Society","description":"A site for parents, by parents","publisher":{"@id":"https:\/\/clubfoot.ca\/#organization"},"potentialAction":[{"@type":"SearchAction","target":{"@type":"EntryPoint","urlTemplate":"https:\/\/clubfoot.ca\/?s={search_term_string}"},"query-input":"required name=search_term_string"}],"inLanguage":"tr"},{"@type":"ImageObject","inLanguage":"tr","@id":"https:\/\/clubfoot.ca\/fr\/get-involved\/start-a-fundraiser\/#primaryimage","url":"https:\/\/i0.wp.com\/clubfoot.ca\/wp-content\/uploads\/2022\/05\/Screen-Shot-2022-05-10-at-10.25.22-AM.png?fit=1116%2C604&ssl=1","contentUrl":"https:\/\/i0.wp.com\/clubfoot.ca\/wp-content\/uploads\/2022\/05\/Screen-Shot-2022-05-10-at-10.25.22-AM.png?fit=1116%2C604&ssl=1","width":1116,"height":604},{"@type":"WebPage","@id":"https:\/\/clubfoot.ca\/fr\/get-involved\/start-a-fundraiser\/#webpage","url":"https:\/\/clubfoot.ca\/fr\/get-involved\/start-a-fundraiser\/","name":"Start a Fundraiser - Canadian Clubfoot Support Society","isPartOf":{"@id":"https:\/\/clubfoot.ca\/#website"},"primaryImageOfPage":{"@id":"https:\/\/clubfoot.ca\/fr\/get-involved\/start-a-fundraiser\/#primaryimage"},"datePublished":"2021-11-30T21:02:31+00:00","dateModified":"2022-05-12T17:29:18+00:00","breadcrumb":{"@id":"https:\/\/clubfoot.ca\/fr\/get-involved\/start-a-fundraiser\/#breadcrumb"},"inLanguage":"tr","potentialAction":[{"@type":"ReadAction","target":["https:\/\/clubfoot.ca\/fr\/get-involved\/start-a-fundraiser\/"]}]},{"@type":"BreadcrumbList","@id":"https:\/\/clubfoot.ca\/fr\/get-involved\/start-a-fundraiser\/#breadcrumb","itemListElement":[{"@type":"ListItem","position":1,"name":"Home","item":"https:\/\/clubfoot.ca\/"},{"@type":"ListItem","position":2,"name":"Get Involved","item":"https:\/\/clubfoot.ca\/fr\/get-involved\/"},{"@type":"ListItem","position":3,"name":"Start a Fundraiser"}]}]}},"_links":{"self":[{"href":"https:\/\/clubfoot.ca\/tr\/wp-json\/wp\/v2\/pages\/352","targetHints":{"allow":["GET"]}}],"collection":[{"href":"https:\/\/clubfoot.ca\/tr\/wp-json\/wp\/v2\/pages"}],"about":[{"href":"https:\/\/clubfoot.ca\/tr\/wp-json\/wp\/v2\/types\/page"}],"author":[{"embeddable":true,"href":"https:\/\/clubfoot.ca\/tr\/wp-json\/wp\/v2\/users\/4"}],"replies":[{"embeddable":true,"href":"https:\/\/clubfoot.ca\/tr\/wp-json\/wp\/v2\/comments?post=352"}],"version-history":[{"count":0,"href":"https:\/\/clubfoot.ca\/tr\/wp-json\/wp\/v2\/pages\/352\/revisions"}],"up":[{"embeddable":true,"href":"https:\/\/clubfoot.ca\/tr\/wp-json\/wp\/v2\/pages\/341"}],"wp:featuredmedia":[{"embeddable":true,"href":"https:\/\/clubfoot.ca\/tr\/wp-json\/wp\/v2\/media\/1494"}],"wp:attachment":[{"href":"https:\/\/clubfoot.ca\/tr\/wp-json\/wp\/v2\/media?parent=352"}],"curies":[{"name":"wp","href":"https:\/\/api.w.org\/{rel}","templated":true}]}}