{"id":1632,"date":"2022-05-28T17:17:30","date_gmt":"2022-05-28T21:17:30","guid":{"rendered":"https:\/\/clubfoot.ca\/?post_type=product&#038;p=1632"},"modified":"2022-09-12T14:09:15","modified_gmt":"2022-09-12T18:09:15","slug":"bootsy-the-moose-sticker","status":"publish","type":"product","link":"https:\/\/clubfoot.ca\/tr\/urun\/bootsy-the-moose-sticker\/","title":{"rendered":"Geyik \u00c7izmeli \u00c7\u0131kartma"},"content":{"rendered":"<p>These stickers are amazing and made for us by a Canadian company <a href=\"http:\/\/www.stickernut.com\">StickerNut<\/a> .\u00a0 The are 3M vinyl &#8211; Weather\/water proof, dishwasher proof, permanent adhesive.\u00a0 They are perfect to put on water bottles, bikes, cars, anything really!<\/p>\n<p>All the proceed go to the charity.<\/p>\n<p>Size:\u00a0 4&#8243; x 2.7&#8243;<\/p>","protected":false},"excerpt":{"rendered":"<p>These stickers are amazing and made for us by a Canadian company StickerNut .\u00a0 The are 3M vinyl &#8211; Weather\/water proof, dishwasher proof, permanent adhesive.\u00a0 They are perfect to put on water bottles, bikes, cars, anything really! All the proceed go to the charity. Size:\u00a0 4&#8243; x 2.7&#8243;<\/p>","protected":false},"featured_media":1711,"comment_status":"open","ping_status":"closed","template":"","meta":{"_et_pb_use_builder":"","_et_pb_old_content":"","_et_gb_content_width":"","spay_email":"","jetpack_publicize_message":"","jetpack_is_tweetstorm":false,"jetpack_publicize_feature_enabled":true},"product_brand":[],"product_cat":[51],"product_tag":[70,68,69,67],"class_list":{"0":"post-1632","1":"product","2":"type-product","3":"status-publish","4":"has-post-thumbnail","6":"product_cat-direct-from-clubfoot-ca","7":"product_tag-bootsy","8":"product_tag-mascot","9":"product_tag-moose","10":"product_tag-stickers","12":"first","13":"instock","14":"shipping-taxable","15":"purchasable","16":"product-type-simple"},"yoast_head":"<!-- This site is optimized with the Yoast SEO plugin v18.8 - https:\/\/yoast.com\/wordpress\/plugins\/seo\/ -->\n<title>Bootsy the Moose Sticker - Canadian Clubfoot Support Society<\/title>\n<meta name=\"robots\" content=\"index, follow, max-snippet:-1, max-image-preview:large, max-video-preview:-1\" \/>\n<link rel=\"canonical\" href=\"https:\/\/clubfoot.ca\/tr\/urun\/bootsy-the-moose-sticker\/\" \/>\n<meta property=\"og:locale\" content=\"tr_TR\" \/>\n<meta property=\"og:type\" content=\"article\" \/>\n<meta property=\"og:title\" content=\"Bootsy the Moose Sticker - Canadian Clubfoot Support Society\" \/>\n<meta property=\"og:description\" content=\"These stickers are amazing and made for us by a Canadian company StickerNut .\u00a0 The are 3M vinyl &#8211; Weather\/water proof, dishwasher proof, permanent adhesive.\u00a0 They are perfect to put on water bottles, bikes, cars, anything really! All the proceed go to the charity. Size:\u00a0 4&#8243; x 2.7&#8243;\" \/>\n<meta property=\"og:url\" content=\"https:\/\/clubfoot.ca\/tr\/urun\/bootsy-the-moose-sticker\/\" \/>\n<meta property=\"og:site_name\" content=\"Canadian Clubfoot Support Society\" \/>\n<meta property=\"article:publisher\" content=\"https:\/\/www.facebook.com\/clubfoot.ca\" \/>\n<meta property=\"article:modified_time\" content=\"2022-09-12T18:09:15+00:00\" \/>\n<meta property=\"og:image\" content=\"https:\/\/clubfoot.ca\/wp-content\/uploads\/2022\/02\/IMG_6843.png\" \/>\n\t<meta property=\"og:image:width\" content=\"1080\" \/>\n\t<meta property=\"og:image:height\" content=\"1080\" \/>\n\t<meta property=\"og:image:type\" content=\"image\/png\" \/>\n<meta name=\"twitter:card\" content=\"summary_large_image\" \/>\n<meta name=\"twitter:site\" content=\"@clubfootcanada\" \/>\n<script type=\"application\/ld+json\" class=\"yoast-schema-graph\">{\"@context\":\"https:\/\/schema.org\",\"@graph\":[{\"@type\":\"Organization\",\"@id\":\"https:\/\/clubfoot.ca\/#organization\",\"name\":\"Canadian Clubfoot Support Society\",\"url\":\"https:\/\/clubfoot.ca\/\",\"sameAs\":[\"https:\/\/www.facebook.com\/clubfoot.ca\",\"https:\/\/www.instagram.com\/clubfoot.ca\/?hl=en\",\"https:\/\/www.linkedin.com\/company\/canadian-clubfoot-support-society\/\",\"https:\/\/twitter.com\/clubfootcanada\"],\"logo\":{\"@type\":\"ImageObject\",\"inLanguage\":\"tr\",\"@id\":\"https:\/\/clubfoot.ca\/#\/schema\/logo\/image\/\",\"url\":\"https:\/\/clubfoot.ca\/wp-content\/uploads\/2022\/05\/ccss_logo_colour_sm.webp\",\"contentUrl\":\"https:\/\/clubfoot.ca\/wp-content\/uploads\/2022\/05\/ccss_logo_colour_sm.webp\",\"width\":200,\"height\":188,\"caption\":\"Canadian Clubfoot Support Society\"},\"image\":{\"@id\":\"https:\/\/clubfoot.ca\/#\/schema\/logo\/image\/\"}},{\"@type\":\"WebSite\",\"@id\":\"https:\/\/clubfoot.ca\/#website\",\"url\":\"https:\/\/clubfoot.ca\/\",\"name\":\"Canadian Clubfoot Support Society\",\"description\":\"A site for parents, by parents\",\"publisher\":{\"@id\":\"https:\/\/clubfoot.ca\/#organization\"},\"potentialAction\":[{\"@type\":\"SearchAction\",\"target\":{\"@type\":\"EntryPoint\",\"urlTemplate\":\"https:\/\/clubfoot.ca\/?s={search_term_string}\"},\"query-input\":\"required name=search_term_string\"}],\"inLanguage\":\"tr\"},{\"@type\":\"ImageObject\",\"inLanguage\":\"tr\",\"@id\":\"https:\/\/clubfoot.ca\/product\/bootsy-the-moose-sticker\/#primaryimage\",\"url\":\"https:\/\/i0.wp.com\/clubfoot.ca\/wp-content\/uploads\/2022\/02\/IMG_6843.png?fit=1080%2C1080&ssl=1\",\"contentUrl\":\"https:\/\/i0.wp.com\/clubfoot.ca\/wp-content\/uploads\/2022\/02\/IMG_6843.png?fit=1080%2C1080&ssl=1\",\"width\":1080,\"height\":1080},{\"@type\":\"WebPage\",\"@id\":\"https:\/\/clubfoot.ca\/product\/bootsy-the-moose-sticker\/#webpage\",\"url\":\"https:\/\/clubfoot.ca\/product\/bootsy-the-moose-sticker\/\",\"name\":\"Bootsy the Moose Sticker - Canadian Clubfoot Support Society\",\"isPartOf\":{\"@id\":\"https:\/\/clubfoot.ca\/#website\"},\"primaryImageOfPage\":{\"@id\":\"https:\/\/clubfoot.ca\/product\/bootsy-the-moose-sticker\/#primaryimage\"},\"datePublished\":\"2022-05-28T21:17:30+00:00\",\"dateModified\":\"2022-09-12T18:09:15+00:00\",\"breadcrumb\":{\"@id\":\"https:\/\/clubfoot.ca\/product\/bootsy-the-moose-sticker\/#breadcrumb\"},\"inLanguage\":\"tr\",\"potentialAction\":[{\"@type\":\"ReadAction\",\"target\":[\"https:\/\/clubfoot.ca\/product\/bootsy-the-moose-sticker\/\"]}]},{\"@type\":\"BreadcrumbList\",\"@id\":\"https:\/\/clubfoot.ca\/product\/bootsy-the-moose-sticker\/#breadcrumb\",\"itemListElement\":[{\"@type\":\"ListItem\",\"position\":1,\"name\":\"Home\",\"item\":\"https:\/\/clubfoot.ca\/\"},{\"@type\":\"ListItem\",\"position\":2,\"name\":\"Shop\",\"item\":\"https:\/\/clubfoot.ca\/tr\/shop\/\"},{\"@type\":\"ListItem\",\"position\":3,\"name\":\"Bootsy the Moose Sticker\"}]}]}<\/script>\n<!-- \/ Yoast SEO plugin. -->","yoast_head_json":{"title":"Bootsy the Moose Sticker - Canadian Clubfoot Support Society","robots":{"index":"index","follow":"follow","max-snippet":"max-snippet:-1","max-image-preview":"max-image-preview:large","max-video-preview":"max-video-preview:-1"},"canonical":"https:\/\/clubfoot.ca\/tr\/urun\/bootsy-the-moose-sticker\/","og_locale":"tr_TR","og_type":"article","og_title":"Bootsy the Moose Sticker - Canadian Clubfoot Support Society","og_description":"These stickers are amazing and made for us by a Canadian company StickerNut .\u00a0 The are 3M vinyl &#8211; Weather\/water proof, dishwasher proof, permanent adhesive.\u00a0 They are perfect to put on water bottles, bikes, cars, anything really! All the proceed go to the charity. Size:\u00a0 4&#8243; x 2.7&#8243;","og_url":"https:\/\/clubfoot.ca\/tr\/urun\/bootsy-the-moose-sticker\/","og_site_name":"Canadian Clubfoot Support Society","article_publisher":"https:\/\/www.facebook.com\/clubfoot.ca","article_modified_time":"2022-09-12T18:09:15+00:00","og_image":[{"width":1080,"height":1080,"url":"https:\/\/clubfoot.ca\/wp-content\/uploads\/2022\/02\/IMG_6843.png","type":"image\/png"}],"twitter_card":"summary_large_image","twitter_site":"@clubfootcanada","schema":{"@context":"https:\/\/schema.org","@graph":[{"@type":"Organization","@id":"https:\/\/clubfoot.ca\/#organization","name":"Canadian Clubfoot Support Society","url":"https:\/\/clubfoot.ca\/","sameAs":["https:\/\/www.facebook.com\/clubfoot.ca","https:\/\/www.instagram.com\/clubfoot.ca\/?hl=en","https:\/\/www.linkedin.com\/company\/canadian-clubfoot-support-society\/","https:\/\/twitter.com\/clubfootcanada"],"logo":{"@type":"ImageObject","inLanguage":"tr","@id":"https:\/\/clubfoot.ca\/#\/schema\/logo\/image\/","url":"https:\/\/clubfoot.ca\/wp-content\/uploads\/2022\/05\/ccss_logo_colour_sm.webp","contentUrl":"https:\/\/clubfoot.ca\/wp-content\/uploads\/2022\/05\/ccss_logo_colour_sm.webp","width":200,"height":188,"caption":"Canadian Clubfoot Support Society"},"image":{"@id":"https:\/\/clubfoot.ca\/#\/schema\/logo\/image\/"}},{"@type":"WebSite","@id":"https:\/\/clubfoot.ca\/#website","url":"https:\/\/clubfoot.ca\/","name":"Canadian Clubfoot Support Society","description":"A site for parents, by parents","publisher":{"@id":"https:\/\/clubfoot.ca\/#organization"},"potentialAction":[{"@type":"SearchAction","target":{"@type":"EntryPoint","urlTemplate":"https:\/\/clubfoot.ca\/?s={search_term_string}"},"query-input":"required name=search_term_string"}],"inLanguage":"tr"},{"@type":"ImageObject","inLanguage":"tr","@id":"https:\/\/clubfoot.ca\/product\/bootsy-the-moose-sticker\/#primaryimage","url":"https:\/\/i0.wp.com\/clubfoot.ca\/wp-content\/uploads\/2022\/02\/IMG_6843.png?fit=1080%2C1080&ssl=1","contentUrl":"https:\/\/i0.wp.com\/clubfoot.ca\/wp-content\/uploads\/2022\/02\/IMG_6843.png?fit=1080%2C1080&ssl=1","width":1080,"height":1080},{"@type":"WebPage","@id":"https:\/\/clubfoot.ca\/product\/bootsy-the-moose-sticker\/#webpage","url":"https:\/\/clubfoot.ca\/product\/bootsy-the-moose-sticker\/","name":"Bootsy the Moose Sticker - Canadian Clubfoot Support Society","isPartOf":{"@id":"https:\/\/clubfoot.ca\/#website"},"primaryImageOfPage":{"@id":"https:\/\/clubfoot.ca\/product\/bootsy-the-moose-sticker\/#primaryimage"},"datePublished":"2022-05-28T21:17:30+00:00","dateModified":"2022-09-12T18:09:15+00:00","breadcrumb":{"@id":"https:\/\/clubfoot.ca\/product\/bootsy-the-moose-sticker\/#breadcrumb"},"inLanguage":"tr","potentialAction":[{"@type":"ReadAction","target":["https:\/\/clubfoot.ca\/product\/bootsy-the-moose-sticker\/"]}]},{"@type":"BreadcrumbList","@id":"https:\/\/clubfoot.ca\/product\/bootsy-the-moose-sticker\/#breadcrumb","itemListElement":[{"@type":"ListItem","position":1,"name":"Home","item":"https:\/\/clubfoot.ca\/"},{"@type":"ListItem","position":2,"name":"Shop","item":"https:\/\/clubfoot.ca\/tr\/shop\/"},{"@type":"ListItem","position":3,"name":"Bootsy the Moose Sticker"}]}]}},"_links":{"self":[{"href":"https:\/\/clubfoot.ca\/tr\/wp-json\/wp\/v2\/product\/1632","targetHints":{"allow":["GET"]}}],"collection":[{"href":"https:\/\/clubfoot.ca\/tr\/wp-json\/wp\/v2\/product"}],"about":[{"href":"https:\/\/clubfoot.ca\/tr\/wp-json\/wp\/v2\/types\/product"}],"replies":[{"embeddable":true,"href":"https:\/\/clubfoot.ca\/tr\/wp-json\/wp\/v2\/comments?post=1632"}],"wp:featuredmedia":[{"embeddable":true,"href":"https:\/\/clubfoot.ca\/tr\/wp-json\/wp\/v2\/media\/1711"}],"wp:attachment":[{"href":"https:\/\/clubfoot.ca\/tr\/wp-json\/wp\/v2\/media?parent=1632"}],"wp:term":[{"taxonomy":"product_brand","embeddable":true,"href":"https:\/\/clubfoot.ca\/tr\/wp-json\/wp\/v2\/product_brand?post=1632"},{"taxonomy":"product_cat","embeddable":true,"href":"https:\/\/clubfoot.ca\/tr\/wp-json\/wp\/v2\/product_cat?post=1632"},{"taxonomy":"product_tag","embeddable":true,"href":"https:\/\/clubfoot.ca\/tr\/wp-json\/wp\/v2\/product_tag?post=1632"}],"curies":[{"name":"wp","href":"https:\/\/api.w.org\/{rel}","templated":true}]}}